{"id":54586,"date":"2025-12-02T16:44:53","date_gmt":"2025-12-02T15:44:53","guid":{"rendered":"https:\/\/engel-kunst.com\/auktion-objekt\/damenarmbanduhr-9\/"},"modified":"2025-12-15T10:56:55","modified_gmt":"2025-12-15T09:56:55","slug":"damenarmbanduhr-9","status":"publish","type":"product","link":"https:\/\/engel-kunst.com\/en\/auktion-objekt\/damenarmbanduhr-9\/","title":{"rendered":"Damenarmbanduhr"},"content":{"rendered":"<p>Damenarmbanduhr<br \/>\nTissot 1853. Schweiz. Geh\u00e4use und Band mit Faltschlie\u00dfe Stahl vergoldet. D 28 mm. Silbernes Zifferblatt, goldene r\u00f6m. Ziffern, Goldzeiger, Zentralsek., Datum, Mineralglas. Quartzwerk, gangbar. Sch\u00f6ner Erhaltungszustand. Mit Papieren und orig. Aufbewahrungsbox.<\/p>\n","protected":false},"excerpt":{"rendered":"<p>Damenarmbanduhr<br \/>\nTissot 1853. Schweiz. Geh\u00e4use und Band mit Faltschlie\u00dfe Stahl vergoldet. D 28 mm. Silbernes Zifferblatt, goldene r\u00f6m. Ziffern, Goldzeiger, Zentralsek., Datum, Mineralglas. Quartzwerk, gangbar. Sch\u00f6ner Erhaltungszustand. Mit Papieren und orig. Aufbewahrungsbox.<br \/>\n\u20ac 50<\/p>\n","protected":false},"featured_media":54587,"template":"","meta":{"_acf_changed":false,"_seopress_robots_primary_cat":"none","_seopress_titles_title":"","_seopress_titles_desc":"","_seopress_robots_index":""},"product_brand":[],"product_cat":[20],"product_tag":[51],"class_list":{"0":"post-54586","1":"product","2":"type-product","3":"status-publish","4":"has-post-thumbnail","6":"auktion-versteigerung-151","7":"auktion-aktuell","8":"product_cat-uhren-wissenschaftliche-instrumente","9":"product_tag-schriftlich","10":"sales-flash-overlay","11":"woocommerce-text-align-left","12":"woocommerce-image-align-center","14":"first","15":"outofstock","16":"sold-individually","17":"purchasable","18":"product-type-simple"},"acf":[],"_links":{"self":[{"href":"https:\/\/engel-kunst.com\/en\/wp-json\/wp\/v2\/product\/54586","targetHints":{"allow":["GET"]}}],"collection":[{"href":"https:\/\/engel-kunst.com\/en\/wp-json\/wp\/v2\/product"}],"about":[{"href":"https:\/\/engel-kunst.com\/en\/wp-json\/wp\/v2\/types\/product"}],"wp:featuredmedia":[{"embeddable":true,"href":"https:\/\/engel-kunst.com\/en\/wp-json\/wp\/v2\/media\/54587"}],"wp:attachment":[{"href":"https:\/\/engel-kunst.com\/en\/wp-json\/wp\/v2\/media?parent=54586"}],"wp:term":[{"taxonomy":"product_brand","embeddable":true,"href":"https:\/\/engel-kunst.com\/en\/wp-json\/wp\/v2\/product_brand?post=54586"},{"taxonomy":"product_cat","embeddable":true,"href":"https:\/\/engel-kunst.com\/en\/wp-json\/wp\/v2\/product_cat?post=54586"},{"taxonomy":"product_tag","embeddable":true,"href":"https:\/\/engel-kunst.com\/en\/wp-json\/wp\/v2\/product_tag?post=54586"}],"curies":[{"name":"wp","href":"https:\/\/api.w.org\/{rel}","templated":true}]}}