{"id":54588,"date":"2025-12-02T16:44:53","date_gmt":"2025-12-02T15:44:53","guid":{"rendered":"https:\/\/engel-kunst.com\/auktion-objekt\/kuechenwanduhr-2\/"},"modified":"2025-12-14T15:07:13","modified_gmt":"2025-12-14T14:07:13","slug":"kuechenwanduhr-2","status":"publish","type":"product","link":"https:\/\/engel-kunst.com\/en\/auktion-objekt\/kuechenwanduhr-2\/","title":{"rendered":"K\u00fcchenwanduhr"},"content":{"rendered":"<p>K\u00fcchenwanduhr<br \/>\nJunghans. 1960er Jahre. Entwurf: Max Bill, 1956. Geh\u00e4use aus hellblau glasierter Keramik, verchromte L\u00fcnette. Wei\u00dfes Zifferblatt mit arab. Ziffern, schwarze Metallzeiger. Quartzwerk, gangbar. Im unteren Bereich ein integrierter mechanischer 60-Minuten-Kurzzeitmesser (Eieruhr). H 26 cm. Nur geringe Gebrauchsspuren.<\/p>\n","protected":false},"excerpt":{"rendered":"<p>K\u00fcchenwanduhr<br \/>\nJunghans. 1960er Jahre. Entwurf: Max Bill, 1956. Geh\u00e4use aus hellblau glasierter Keramik, verchromte L\u00fcnette. Wei\u00dfes Zifferblatt mit arab. Ziffern, schwarze Metallzeiger. Quartzwerk, gangbar. Im unteren Bereich ein integrierter mechanischer 60-Minuten-Kurzzeitmesser (Eieruhr). H 26 cm. Nur geringe Gebrauchsspuren.<br \/>\n\u20ac 10<\/p>\n","protected":false},"featured_media":54589,"template":"","meta":{"_acf_changed":false,"_seopress_robots_primary_cat":"","_seopress_titles_title":"","_seopress_titles_desc":"","_seopress_robots_index":""},"product_brand":[],"product_cat":[20],"product_tag":[51],"class_list":{"0":"post-54588","1":"product","2":"type-product","3":"status-publish","4":"has-post-thumbnail","6":"auktion-versteigerung-151","7":"auktion-aktuell","8":"product_cat-uhren-wissenschaftliche-instrumente","9":"product_tag-schriftlich","10":"sales-flash-overlay","11":"woocommerce-text-align-left","12":"woocommerce-image-align-center","14":"first","15":"outofstock","16":"sold-individually","17":"purchasable","18":"product-type-simple"},"acf":[],"_links":{"self":[{"href":"https:\/\/engel-kunst.com\/en\/wp-json\/wp\/v2\/product\/54588","targetHints":{"allow":["GET"]}}],"collection":[{"href":"https:\/\/engel-kunst.com\/en\/wp-json\/wp\/v2\/product"}],"about":[{"href":"https:\/\/engel-kunst.com\/en\/wp-json\/wp\/v2\/types\/product"}],"wp:featuredmedia":[{"embeddable":true,"href":"https:\/\/engel-kunst.com\/en\/wp-json\/wp\/v2\/media\/54589"}],"wp:attachment":[{"href":"https:\/\/engel-kunst.com\/en\/wp-json\/wp\/v2\/media?parent=54588"}],"wp:term":[{"taxonomy":"product_brand","embeddable":true,"href":"https:\/\/engel-kunst.com\/en\/wp-json\/wp\/v2\/product_brand?post=54588"},{"taxonomy":"product_cat","embeddable":true,"href":"https:\/\/engel-kunst.com\/en\/wp-json\/wp\/v2\/product_cat?post=54588"},{"taxonomy":"product_tag","embeddable":true,"href":"https:\/\/engel-kunst.com\/en\/wp-json\/wp\/v2\/product_tag?post=54588"}],"curies":[{"name":"wp","href":"https:\/\/api.w.org\/{rel}","templated":true}]}}