{"id":54594,"date":"2025-12-02T16:44:53","date_gmt":"2025-12-02T15:44:53","guid":{"rendered":"https:\/\/engel-kunst.com\/auktion-objekt\/pendule-2\/"},"modified":"2025-12-02T16:44:57","modified_gmt":"2025-12-02T15:44:57","slug":"pendule-2","status":"publish","type":"product","link":"https:\/\/engel-kunst.com\/en\/auktion-objekt\/pendule-2\/","title":{"rendered":"Pendule"},"content":{"rendered":"<p>Pendule<br \/>\nFrankreich, Paris, 19. Jh.. Bronze feuervergoldet. Auf einem Rechtecksockel steht ein schlangenw\u00fcrgender Herakles-Knabe neben dem kastenartigen Uhrwerkgeh\u00e4use, daneben ein Schwan. Emailzifferblatt mit r\u00f6m. Ziffern, am Schl\u00fcsselloch kleinere Absplitterungen. Fadenpendel, Schl\u00fcsselaufzug, gangbar. H 25,5 cm.<\/p>\n","protected":false},"excerpt":{"rendered":"<p>Pendule<br \/>\nFrankreich, Paris, 19. Jh.. Bronze feuervergoldet. Auf einem Rechtecksockel steht ein schlangenw\u00fcrgender Herakles-Knabe neben dem kastenartigen Uhrwerkgeh\u00e4use, daneben ein Schwan. Emailzifferblatt mit r\u00f6m. Ziffern, am Schl\u00fcsselloch kleinere Absplitterungen. Fadenpendel, Schl\u00fcsselaufzug, gangbar. H 25,5 cm.<br \/>\n\u20ac 350<\/p>\n","protected":false},"featured_media":54595,"template":"","meta":{"_acf_changed":false,"_seopress_robots_primary_cat":"","_seopress_titles_title":"","_seopress_titles_desc":"","_seopress_robots_index":""},"product_brand":[],"product_cat":[20],"product_tag":[52],"class_list":{"0":"post-54594","1":"product","2":"type-product","3":"status-publish","4":"has-post-thumbnail","6":"auktion-versteigerung-151","7":"auktion-aktuell","8":"product_cat-uhren-wissenschaftliche-instrumente","9":"product_tag-telefon","10":"sales-flash-overlay","11":"woocommerce-text-align-left","12":"woocommerce-image-align-center","14":"first","15":"instock","16":"sold-individually","17":"purchasable","18":"product-type-simple"},"acf":[],"_links":{"self":[{"href":"https:\/\/engel-kunst.com\/en\/wp-json\/wp\/v2\/product\/54594","targetHints":{"allow":["GET"]}}],"collection":[{"href":"https:\/\/engel-kunst.com\/en\/wp-json\/wp\/v2\/product"}],"about":[{"href":"https:\/\/engel-kunst.com\/en\/wp-json\/wp\/v2\/types\/product"}],"wp:featuredmedia":[{"embeddable":true,"href":"https:\/\/engel-kunst.com\/en\/wp-json\/wp\/v2\/media\/54595"}],"wp:attachment":[{"href":"https:\/\/engel-kunst.com\/en\/wp-json\/wp\/v2\/media?parent=54594"}],"wp:term":[{"taxonomy":"product_brand","embeddable":true,"href":"https:\/\/engel-kunst.com\/en\/wp-json\/wp\/v2\/product_brand?post=54594"},{"taxonomy":"product_cat","embeddable":true,"href":"https:\/\/engel-kunst.com\/en\/wp-json\/wp\/v2\/product_cat?post=54594"},{"taxonomy":"product_tag","embeddable":true,"href":"https:\/\/engel-kunst.com\/en\/wp-json\/wp\/v2\/product_tag?post=54594"}],"curies":[{"name":"wp","href":"https:\/\/api.w.org\/{rel}","templated":true}]}}