{"id":54596,"date":"2025-12-02T16:44:53","date_gmt":"2025-12-02T15:44:53","guid":{"rendered":"https:\/\/engel-kunst.com\/auktion-objekt\/tischuhr-3\/"},"modified":"2025-12-02T16:44:58","modified_gmt":"2025-12-02T15:44:58","slug":"tischuhr-3","status":"publish","type":"product","link":"https:\/\/engel-kunst.com\/en\/auktion-objekt\/tischuhr-3\/","title":{"rendered":"Tischuhr"},"content":{"rendered":"<p>Tischuhr<br \/>\nUm 1900. Ein Rankenwerk aus vergoldetem Messingdraht und -blech, verziert mit Porzellanblumen, tr\u00e4gt mittig das runde Uhrwerkgeh\u00e4use aus vergoldetem Messing. Darunter eine M\u00e4dchenfigur aus bemaltem Porzellan (beide H\u00e4nde etwas besch.). Zifferblatt mit r\u00f6m. Ziffern, schwarze Metallzeiger. Vergoldetes Taschenuhrwerk, sign. &#8216;Clement \u00e0 Paris&#8217;, gangbar. Auf schwarz lackiertem Holzsockel mit Glassturz montiert. H 42 cm.<\/p>\n","protected":false},"excerpt":{"rendered":"<p>Tischuhr<br \/>\nUm 1900. Ein Rankenwerk aus vergoldetem Messingdraht und -blech, verziert mit Porzellanblumen, tr\u00e4gt mittig das runde Uhrwerkgeh\u00e4use aus vergoldetem Messing. Darunter eine M\u00e4dchenfigur aus bemaltem Porzellan (beide H\u00e4nde etwas besch.). Zifferblatt mit r\u00f6m. Ziffern, schwarze Metallzeiger. Vergoldetes Taschenuhrwerk, sign. &#8216;Clement \u00e0 Paris&#8217;, gangbar. Auf schwarz lackiertem Holzsockel mit Glassturz montiert. H 42 cm.<br \/>\n\u20ac 450<\/p>\n","protected":false},"featured_media":54597,"template":"","meta":{"_acf_changed":false,"_seopress_robots_primary_cat":"","_seopress_titles_title":"","_seopress_titles_desc":"","_seopress_robots_index":""},"product_brand":[],"product_cat":[20],"product_tag":[52],"class_list":{"0":"post-54596","1":"product","2":"type-product","3":"status-publish","4":"has-post-thumbnail","6":"auktion-versteigerung-151","7":"auktion-aktuell","8":"product_cat-uhren-wissenschaftliche-instrumente","9":"product_tag-telefon","10":"sales-flash-overlay","11":"woocommerce-text-align-left","12":"woocommerce-image-align-center","14":"first","15":"instock","16":"sold-individually","17":"purchasable","18":"product-type-simple"},"acf":[],"_links":{"self":[{"href":"https:\/\/engel-kunst.com\/en\/wp-json\/wp\/v2\/product\/54596","targetHints":{"allow":["GET"]}}],"collection":[{"href":"https:\/\/engel-kunst.com\/en\/wp-json\/wp\/v2\/product"}],"about":[{"href":"https:\/\/engel-kunst.com\/en\/wp-json\/wp\/v2\/types\/product"}],"wp:featuredmedia":[{"embeddable":true,"href":"https:\/\/engel-kunst.com\/en\/wp-json\/wp\/v2\/media\/54597"}],"wp:attachment":[{"href":"https:\/\/engel-kunst.com\/en\/wp-json\/wp\/v2\/media?parent=54596"}],"wp:term":[{"taxonomy":"product_brand","embeddable":true,"href":"https:\/\/engel-kunst.com\/en\/wp-json\/wp\/v2\/product_brand?post=54596"},{"taxonomy":"product_cat","embeddable":true,"href":"https:\/\/engel-kunst.com\/en\/wp-json\/wp\/v2\/product_cat?post=54596"},{"taxonomy":"product_tag","embeddable":true,"href":"https:\/\/engel-kunst.com\/en\/wp-json\/wp\/v2\/product_tag?post=54596"}],"curies":[{"name":"wp","href":"https:\/\/api.w.org\/{rel}","templated":true}]}}