{"id":54600,"date":"2025-12-02T16:44:53","date_gmt":"2025-12-02T15:44:53","guid":{"rendered":"https:\/\/engel-kunst.com\/auktion-objekt\/halsuhr\/"},"modified":"2025-12-14T15:07:14","modified_gmt":"2025-12-14T14:07:14","slug":"halsuhr","status":"publish","type":"product","link":"https:\/\/engel-kunst.com\/en\/auktion-objekt\/halsuhr\/","title":{"rendered":"Halsuhr"},"content":{"rendered":"<p>Halsuhr<br \/>\nWien, Ende 19. Jh.. Ovales, vergoldetes Geh\u00e4use. Auf Seiten und Boden Verzierungen aus geschliffenem Glas. Fein graviertes Zifferblatt, versilberter Ziffernring mit r\u00f6m. Ziffern, einzeigerig, gebl\u00e4uter Zeiger. Vergoldetes Wiener Spindeltaschenuhrwerk, gangbar, Schl\u00fcssel fehlt. 60 x 44 x 31 mm.<\/p>\n","protected":false},"excerpt":{"rendered":"<p>Halsuhr<br \/>\nWien, Ende 19. Jh.. Ovales, vergoldetes Geh\u00e4use. Auf Seiten und Boden Verzierungen aus geschliffenem Glas. Fein graviertes Zifferblatt, versilberter Ziffernring mit r\u00f6m. Ziffern, einzeigerig, gebl\u00e4uter Zeiger. Vergoldetes Wiener Spindeltaschenuhrwerk, gangbar, Schl\u00fcssel fehlt. 60 x 44 x 31 mm.<br \/>\n\u20ac 100<\/p>\n","protected":false},"featured_media":54601,"template":"","meta":{"_acf_changed":false,"_seopress_robots_primary_cat":"","_seopress_titles_title":"","_seopress_titles_desc":"","_seopress_robots_index":""},"product_brand":[],"product_cat":[20],"product_tag":[51],"class_list":{"0":"post-54600","1":"product","2":"type-product","3":"status-publish","4":"has-post-thumbnail","6":"auktion-versteigerung-151","7":"auktion-aktuell","8":"product_cat-uhren-wissenschaftliche-instrumente","9":"product_tag-schriftlich","10":"sales-flash-overlay","11":"woocommerce-text-align-left","12":"woocommerce-image-align-center","14":"first","15":"outofstock","16":"sold-individually","17":"purchasable","18":"product-type-simple"},"acf":[],"_links":{"self":[{"href":"https:\/\/engel-kunst.com\/en\/wp-json\/wp\/v2\/product\/54600","targetHints":{"allow":["GET"]}}],"collection":[{"href":"https:\/\/engel-kunst.com\/en\/wp-json\/wp\/v2\/product"}],"about":[{"href":"https:\/\/engel-kunst.com\/en\/wp-json\/wp\/v2\/types\/product"}],"wp:featuredmedia":[{"embeddable":true,"href":"https:\/\/engel-kunst.com\/en\/wp-json\/wp\/v2\/media\/54601"}],"wp:attachment":[{"href":"https:\/\/engel-kunst.com\/en\/wp-json\/wp\/v2\/media?parent=54600"}],"wp:term":[{"taxonomy":"product_brand","embeddable":true,"href":"https:\/\/engel-kunst.com\/en\/wp-json\/wp\/v2\/product_brand?post=54600"},{"taxonomy":"product_cat","embeddable":true,"href":"https:\/\/engel-kunst.com\/en\/wp-json\/wp\/v2\/product_cat?post=54600"},{"taxonomy":"product_tag","embeddable":true,"href":"https:\/\/engel-kunst.com\/en\/wp-json\/wp\/v2\/product_tag?post=54600"}],"curies":[{"name":"wp","href":"https:\/\/api.w.org\/{rel}","templated":true}]}}