{"id":54604,"date":"2025-12-02T16:45:00","date_gmt":"2025-12-02T15:45:00","guid":{"rendered":"https:\/\/engel-kunst.com\/auktion-objekt\/grosse-spindeltaschenuhr\/"},"modified":"2025-12-14T15:07:14","modified_gmt":"2025-12-14T14:07:14","slug":"grosse-spindeltaschenuhr","status":"publish","type":"product","link":"https:\/\/engel-kunst.com\/en\/auktion-objekt\/grosse-spindeltaschenuhr\/","title":{"rendered":"Gro\u00dfe Spindeltaschenuhr"},"content":{"rendered":"<p>Gro\u00dfe Spindeltaschenuhr<br \/>\nUm 1800. Silbergeh\u00e4use, vergoldetes Uhrwerk. Emailzifferblatt sign.: Joh. Riedl in Regensburg, auf der R\u00fcckplatine: Joh. Nicolaus Hiltel in Regensburg. R\u00f6m. Ziffern, vergoldete Zeiger. Gangbar, Schl\u00fcssel fehlt. D 65,5 mm. Dazu das orig. silberne Uhrenetui, auf der Unterseite mit Schildpatt verziert.<\/p>\n","protected":false},"excerpt":{"rendered":"<p>Gro\u00dfe Spindeltaschenuhr<br \/>\nUm 1800. Silbergeh\u00e4use, vergoldetes Uhrwerk. Emailzifferblatt sign.: Joh. Riedl in Regensburg, auf der R\u00fcckplatine: Joh. Nicolaus Hiltel in Regensburg. R\u00f6m. Ziffern, vergoldete Zeiger. Gangbar, Schl\u00fcssel fehlt. D 65,5 mm. Dazu das orig. silberne Uhrenetui, auf der Unterseite mit Schildpatt verziert.<br \/>\n\u20ac 250<\/p>\n","protected":false},"featured_media":54605,"template":"","meta":{"_acf_changed":false,"_seopress_robots_primary_cat":"","_seopress_titles_title":"","_seopress_titles_desc":"","_seopress_robots_index":""},"product_brand":[],"product_cat":[20],"product_tag":[52],"class_list":{"0":"post-54604","1":"product","2":"type-product","3":"status-publish","4":"has-post-thumbnail","6":"auktion-versteigerung-151","7":"auktion-aktuell","8":"product_cat-uhren-wissenschaftliche-instrumente","9":"product_tag-telefon","10":"sales-flash-overlay","11":"woocommerce-text-align-left","12":"woocommerce-image-align-center","14":"first","15":"outofstock","16":"sold-individually","17":"purchasable","18":"product-type-simple"},"acf":[],"_links":{"self":[{"href":"https:\/\/engel-kunst.com\/en\/wp-json\/wp\/v2\/product\/54604","targetHints":{"allow":["GET"]}}],"collection":[{"href":"https:\/\/engel-kunst.com\/en\/wp-json\/wp\/v2\/product"}],"about":[{"href":"https:\/\/engel-kunst.com\/en\/wp-json\/wp\/v2\/types\/product"}],"wp:featuredmedia":[{"embeddable":true,"href":"https:\/\/engel-kunst.com\/en\/wp-json\/wp\/v2\/media\/54605"}],"wp:attachment":[{"href":"https:\/\/engel-kunst.com\/en\/wp-json\/wp\/v2\/media?parent=54604"}],"wp:term":[{"taxonomy":"product_brand","embeddable":true,"href":"https:\/\/engel-kunst.com\/en\/wp-json\/wp\/v2\/product_brand?post=54604"},{"taxonomy":"product_cat","embeddable":true,"href":"https:\/\/engel-kunst.com\/en\/wp-json\/wp\/v2\/product_cat?post=54604"},{"taxonomy":"product_tag","embeddable":true,"href":"https:\/\/engel-kunst.com\/en\/wp-json\/wp\/v2\/product_tag?post=54604"}],"curies":[{"name":"wp","href":"https:\/\/api.w.org\/{rel}","templated":true}]}}