{"id":54610,"date":"2025-12-02T16:45:00","date_gmt":"2025-12-02T15:45:00","guid":{"rendered":"https:\/\/engel-kunst.com\/auktion-objekt\/zierliche-tischuhr\/"},"modified":"2025-12-14T15:07:14","modified_gmt":"2025-12-14T14:07:14","slug":"zierliche-tischuhr","status":"publish","type":"product","link":"https:\/\/engel-kunst.com\/en\/auktion-objekt\/zierliche-tischuhr\/","title":{"rendered":"Zierliche Tischuhr"},"content":{"rendered":"<p>Zierliche Tischuhr<br \/>\nCa. 2. H\u00e4lfte 19. Jh.. Form einer Monstranz. Bronze vergoldet. Um das ovale Uhrwerkgeh\u00e4use ranken sich feine arabeske Appliken, bekr\u00f6nt von einem geh\u00f6rnten Maskaron. Achteckiger Fu\u00df mit Reliefverzierungen. Kupferfarbenes Zifferblatt mit r\u00f6m. Ziffern und arab. 5-Minutenangabe. Werk mit Messingpendel, Schl\u00fcsselaufzug, gangbar, Schl\u00fcssel fehlt. H 18 cm.<\/p>\n","protected":false},"excerpt":{"rendered":"<p>Zierliche Tischuhr<br \/>\nCa. 2. H\u00e4lfte 19. Jh.. Form einer Monstranz. Bronze vergoldet. Um das ovale Uhrwerkgeh\u00e4use ranken sich feine arabeske Appliken, bekr\u00f6nt von einem geh\u00f6rnten Maskaron. Achteckiger Fu\u00df mit Reliefverzierungen. Kupferfarbenes Zifferblatt mit r\u00f6m. Ziffern und arab. 5-Minutenangabe. Werk mit Messingpendel, Schl\u00fcsselaufzug, gangbar, Schl\u00fcssel fehlt. H 18 cm.<br \/>\n\u20ac 140<\/p>\n","protected":false},"featured_media":54611,"template":"","meta":{"_acf_changed":false,"_seopress_robots_primary_cat":"","_seopress_titles_title":"","_seopress_titles_desc":"","_seopress_robots_index":""},"product_brand":[],"product_cat":[20],"product_tag":[51],"class_list":{"0":"post-54610","1":"product","2":"type-product","3":"status-publish","4":"has-post-thumbnail","6":"auktion-versteigerung-151","7":"auktion-aktuell","8":"product_cat-uhren-wissenschaftliche-instrumente","9":"product_tag-schriftlich","10":"sales-flash-overlay","11":"woocommerce-text-align-left","12":"woocommerce-image-align-center","14":"first","15":"outofstock","16":"sold-individually","17":"purchasable","18":"product-type-simple"},"acf":[],"_links":{"self":[{"href":"https:\/\/engel-kunst.com\/en\/wp-json\/wp\/v2\/product\/54610","targetHints":{"allow":["GET"]}}],"collection":[{"href":"https:\/\/engel-kunst.com\/en\/wp-json\/wp\/v2\/product"}],"about":[{"href":"https:\/\/engel-kunst.com\/en\/wp-json\/wp\/v2\/types\/product"}],"wp:featuredmedia":[{"embeddable":true,"href":"https:\/\/engel-kunst.com\/en\/wp-json\/wp\/v2\/media\/54611"}],"wp:attachment":[{"href":"https:\/\/engel-kunst.com\/en\/wp-json\/wp\/v2\/media?parent=54610"}],"wp:term":[{"taxonomy":"product_brand","embeddable":true,"href":"https:\/\/engel-kunst.com\/en\/wp-json\/wp\/v2\/product_brand?post=54610"},{"taxonomy":"product_cat","embeddable":true,"href":"https:\/\/engel-kunst.com\/en\/wp-json\/wp\/v2\/product_cat?post=54610"},{"taxonomy":"product_tag","embeddable":true,"href":"https:\/\/engel-kunst.com\/en\/wp-json\/wp\/v2\/product_tag?post=54610"}],"curies":[{"name":"wp","href":"https:\/\/api.w.org\/{rel}","templated":true}]}}