{"id":54628,"date":"2025-12-02T16:45:06","date_gmt":"2025-12-02T15:45:06","guid":{"rendered":"https:\/\/engel-kunst.com\/auktion-objekt\/herrenarmbanduhr-25\/"},"modified":"2025-12-14T15:07:16","modified_gmt":"2025-12-14T14:07:16","slug":"herrenarmbanduhr-25","status":"publish","type":"product","link":"https:\/\/engel-kunst.com\/en\/auktion-objekt\/herrenarmbanduhr-25\/","title":{"rendered":"Herrenarmbanduhr"},"content":{"rendered":"<p>Herrenarmbanduhr<br \/>\nJunghans Chronometer. Vergoldetes Geh\u00e4use. D 35 mm. Silberfarbenes Zifferblatt, goldene Ziffernstriche und r\u00f6m. Ziffern, Goldzeiger, Zentralsek.. Handaufzug, gangbar. Vergoldetes Armand Fixo-Flex. Gebrauchsspuren, Geh\u00e4userand stellenweise best.. <\/p>\n","protected":false},"excerpt":{"rendered":"<p>Herrenarmbanduhr<br \/>\nJunghans Chronometer. Vergoldetes Geh\u00e4use. D 35 mm. Silberfarbenes Zifferblatt, goldene Ziffernstriche und r\u00f6m. Ziffern, Goldzeiger, Zentralsek.. Handaufzug, gangbar. Vergoldetes Armand Fixo-Flex. Gebrauchsspuren, Geh\u00e4userand stellenweise best..<br \/>\n\u20ac 10<\/p>\n","protected":false},"featured_media":54629,"template":"","meta":{"_acf_changed":false,"_seopress_robots_primary_cat":"","_seopress_titles_title":"","_seopress_titles_desc":"","_seopress_robots_index":""},"product_brand":[],"product_cat":[20],"product_tag":[51],"class_list":{"0":"post-54628","1":"product","2":"type-product","3":"status-publish","4":"has-post-thumbnail","6":"auktion-versteigerung-151","7":"auktion-aktuell","8":"product_cat-uhren-wissenschaftliche-instrumente","9":"product_tag-schriftlich","10":"sales-flash-overlay","11":"woocommerce-text-align-left","12":"woocommerce-image-align-center","14":"first","15":"outofstock","16":"sold-individually","17":"purchasable","18":"product-type-simple"},"acf":[],"_links":{"self":[{"href":"https:\/\/engel-kunst.com\/en\/wp-json\/wp\/v2\/product\/54628","targetHints":{"allow":["GET"]}}],"collection":[{"href":"https:\/\/engel-kunst.com\/en\/wp-json\/wp\/v2\/product"}],"about":[{"href":"https:\/\/engel-kunst.com\/en\/wp-json\/wp\/v2\/types\/product"}],"wp:featuredmedia":[{"embeddable":true,"href":"https:\/\/engel-kunst.com\/en\/wp-json\/wp\/v2\/media\/54629"}],"wp:attachment":[{"href":"https:\/\/engel-kunst.com\/en\/wp-json\/wp\/v2\/media?parent=54628"}],"wp:term":[{"taxonomy":"product_brand","embeddable":true,"href":"https:\/\/engel-kunst.com\/en\/wp-json\/wp\/v2\/product_brand?post=54628"},{"taxonomy":"product_cat","embeddable":true,"href":"https:\/\/engel-kunst.com\/en\/wp-json\/wp\/v2\/product_cat?post=54628"},{"taxonomy":"product_tag","embeddable":true,"href":"https:\/\/engel-kunst.com\/en\/wp-json\/wp\/v2\/product_tag?post=54628"}],"curies":[{"name":"wp","href":"https:\/\/api.w.org\/{rel}","templated":true}]}}