{"id":54650,"date":"2025-12-02T16:45:12","date_gmt":"2025-12-02T15:45:12","guid":{"rendered":"https:\/\/engel-kunst.com\/auktion-objekt\/herrenarmbanduhr-33\/"},"modified":"2025-12-14T15:07:18","modified_gmt":"2025-12-14T14:07:18","slug":"herrenarmbanduhr-33","status":"publish","type":"product","link":"https:\/\/engel-kunst.com\/en\/auktion-objekt\/herrenarmbanduhr-33\/","title":{"rendered":"Herrenarmbanduhr"},"content":{"rendered":"<p>Herrenarmbanduhr<br \/>\nDoxa Automatic. Geh\u00e4use GG 585. D 35 mm. Silbernes Zifferblatt, goldene Ziffernstriche und Zeiger. Automatikwerk mit 21 Steinen, gangbar. Geh\u00e4use ohne Werk ca. 6 g. M\u00e4\u00dfige Gebrauchsspuren, Glas mit mehreren Kratzern. Hellbraunes Lederarmband mit Dornschlie\u00dfe, m\u00e4\u00dfig abgetragen.<\/p>\n","protected":false},"excerpt":{"rendered":"<p>Herrenarmbanduhr<br \/>\nDoxa Automatic. Geh\u00e4use GG 585. D 35 mm. Silbernes Zifferblatt, goldene Ziffernstriche und Zeiger. Automatikwerk mit 21 Steinen, gangbar. Geh\u00e4use ohne Werk ca. 6 g. M\u00e4\u00dfige Gebrauchsspuren, Glas mit mehreren Kratzern. Hellbraunes Lederarmband mit Dornschlie\u00dfe, m\u00e4\u00dfig abgetragen.<br \/>\n\u20ac 350<\/p>\n","protected":false},"featured_media":54651,"template":"","meta":{"_acf_changed":false,"_seopress_robots_primary_cat":"","_seopress_titles_title":"","_seopress_titles_desc":"","_seopress_robots_index":""},"product_brand":[],"product_cat":[20],"product_tag":[52],"class_list":{"0":"post-54650","1":"product","2":"type-product","3":"status-publish","4":"has-post-thumbnail","6":"auktion-versteigerung-151","7":"auktion-aktuell","8":"product_cat-uhren-wissenschaftliche-instrumente","9":"product_tag-telefon","10":"sales-flash-overlay","11":"woocommerce-text-align-left","12":"woocommerce-image-align-center","14":"first","15":"outofstock","16":"sold-individually","17":"purchasable","18":"product-type-simple"},"acf":[],"_links":{"self":[{"href":"https:\/\/engel-kunst.com\/en\/wp-json\/wp\/v2\/product\/54650","targetHints":{"allow":["GET"]}}],"collection":[{"href":"https:\/\/engel-kunst.com\/en\/wp-json\/wp\/v2\/product"}],"about":[{"href":"https:\/\/engel-kunst.com\/en\/wp-json\/wp\/v2\/types\/product"}],"wp:featuredmedia":[{"embeddable":true,"href":"https:\/\/engel-kunst.com\/en\/wp-json\/wp\/v2\/media\/54651"}],"wp:attachment":[{"href":"https:\/\/engel-kunst.com\/en\/wp-json\/wp\/v2\/media?parent=54650"}],"wp:term":[{"taxonomy":"product_brand","embeddable":true,"href":"https:\/\/engel-kunst.com\/en\/wp-json\/wp\/v2\/product_brand?post=54650"},{"taxonomy":"product_cat","embeddable":true,"href":"https:\/\/engel-kunst.com\/en\/wp-json\/wp\/v2\/product_cat?post=54650"},{"taxonomy":"product_tag","embeddable":true,"href":"https:\/\/engel-kunst.com\/en\/wp-json\/wp\/v2\/product_tag?post=54650"}],"curies":[{"name":"wp","href":"https:\/\/api.w.org\/{rel}","templated":true}]}}