{"id":54654,"date":"2025-12-02T16:45:12","date_gmt":"2025-12-02T15:45:12","guid":{"rendered":"https:\/\/engel-kunst.com\/auktion-objekt\/wanduhr-4\/"},"modified":"2025-12-16T17:50:35","modified_gmt":"2025-12-16T16:50:35","slug":"wanduhr-4","status":"publish","type":"product","link":"https:\/\/engel-kunst.com\/en\/auktion-objekt\/wanduhr-4\/","title":{"rendered":"Wanduhr"},"content":{"rendered":"<p>Wanduhr<br \/>\nAnfang 20. Jh.. Dreiseitig verglaster Kasten Nussbaum furniert, verziert mit gedrechselten Balustern und Appliken. Emailzifferblatt mit r\u00f6m. Ziffern, schwarze, durchbrochene Metallzeiger. Pendel mit Messinglinse mit Emaileinsatz. Werk mit Schl\u00fcsselaufzug, gangbar. Schlagwerk f\u00fcr volle und halbe Stunden auf Tonspirale. H 89 cm. Gebrauchsspuren, partiell alter Wurmbefall.<\/p>\n","protected":false},"excerpt":{"rendered":"<p>Wanduhr<br \/>\nAnfang 20. Jh.. Dreiseitig verglaster Kasten Nussbaum furniert, verziert mit gedrechselten Balustern und Appliken. Emailzifferblatt mit r\u00f6m. Ziffern, schwarze, durchbrochene Metallzeiger. Pendel mit Messinglinse mit Emaileinsatz. Werk mit Schl\u00fcsselaufzug, gangbar. Schlagwerk f\u00fcr volle und halbe Stunden auf Tonspirale. H 89 cm. Gebrauchsspuren, partiell alter Wurmbefall.<br \/>\n\u20ac 50<\/p>\n","protected":false},"featured_media":54655,"template":"","meta":{"_acf_changed":false,"_seopress_robots_primary_cat":"none","_seopress_titles_title":"","_seopress_titles_desc":"","_seopress_robots_index":""},"product_brand":[],"product_cat":[20],"product_tag":[51],"class_list":{"0":"post-54654","1":"product","2":"type-product","3":"status-publish","4":"has-post-thumbnail","6":"auktion-versteigerung-151","7":"auktion-aktuell","8":"product_cat-uhren-wissenschaftliche-instrumente","9":"product_tag-schriftlich","10":"sales-flash-overlay","11":"woocommerce-text-align-left","12":"woocommerce-image-align-center","14":"first","15":"outofstock","16":"sold-individually","17":"purchasable","18":"product-type-simple"},"acf":[],"_links":{"self":[{"href":"https:\/\/engel-kunst.com\/en\/wp-json\/wp\/v2\/product\/54654","targetHints":{"allow":["GET"]}}],"collection":[{"href":"https:\/\/engel-kunst.com\/en\/wp-json\/wp\/v2\/product"}],"about":[{"href":"https:\/\/engel-kunst.com\/en\/wp-json\/wp\/v2\/types\/product"}],"wp:featuredmedia":[{"embeddable":true,"href":"https:\/\/engel-kunst.com\/en\/wp-json\/wp\/v2\/media\/54655"}],"wp:attachment":[{"href":"https:\/\/engel-kunst.com\/en\/wp-json\/wp\/v2\/media?parent=54654"}],"wp:term":[{"taxonomy":"product_brand","embeddable":true,"href":"https:\/\/engel-kunst.com\/en\/wp-json\/wp\/v2\/product_brand?post=54654"},{"taxonomy":"product_cat","embeddable":true,"href":"https:\/\/engel-kunst.com\/en\/wp-json\/wp\/v2\/product_cat?post=54654"},{"taxonomy":"product_tag","embeddable":true,"href":"https:\/\/engel-kunst.com\/en\/wp-json\/wp\/v2\/product_tag?post=54654"}],"curies":[{"name":"wp","href":"https:\/\/api.w.org\/{rel}","templated":true}]}}