{"id":54656,"date":"2025-12-02T16:45:12","date_gmt":"2025-12-02T15:45:12","guid":{"rendered":"https:\/\/engel-kunst.com\/auktion-objekt\/wanduhr-5\/"},"modified":"2025-12-02T16:45:15","modified_gmt":"2025-12-02T15:45:15","slug":"wanduhr-5","status":"publish","type":"product","link":"https:\/\/engel-kunst.com\/en\/auktion-objekt\/wanduhr-5\/","title":{"rendered":"Wanduhr"},"content":{"rendered":"<p>Wanduhr<br \/>\nB\u00fcrouhr aus dem Inventar der Deutschen Bundespost. Hersteller: Wilhelm Hoffmann, Bramsche bei Osnabr\u00fcck. Achteckiges Holzgeh\u00e4use mit runder Frontklappe. Wei\u00dfes Metallzifferblatt, schwarze arab. Ziffern, schwarze Metallzeiger. Pendulenwerk mit Schl\u00fcsselaufzug, gangbar. H 32 cm.<\/p>\n","protected":false},"excerpt":{"rendered":"<p>Wanduhr<br \/>\nB\u00fcrouhr aus dem Inventar der Deutschen Bundespost. Hersteller: Wilhelm Hoffmann, Bramsche bei Osnabr\u00fcck. Achteckiges Holzgeh\u00e4use mit runder Frontklappe. Wei\u00dfes Metallzifferblatt, schwarze arab. Ziffern, schwarze Metallzeiger. Pendulenwerk mit Schl\u00fcsselaufzug, gangbar. H 32 cm.<br \/>\n\u20ac 30<\/p>\n","protected":false},"featured_media":54657,"template":"","meta":{"_acf_changed":false,"_seopress_robots_primary_cat":"","_seopress_titles_title":"","_seopress_titles_desc":"","_seopress_robots_index":""},"product_brand":[],"product_cat":[20],"product_tag":[51],"class_list":{"0":"post-54656","1":"product","2":"type-product","3":"status-publish","4":"has-post-thumbnail","6":"auktion-versteigerung-151","7":"auktion-aktuell","8":"product_cat-uhren-wissenschaftliche-instrumente","9":"product_tag-schriftlich","10":"sales-flash-overlay","11":"woocommerce-text-align-left","12":"woocommerce-image-align-center","14":"first","15":"instock","16":"sold-individually","17":"purchasable","18":"product-type-simple"},"acf":[],"_links":{"self":[{"href":"https:\/\/engel-kunst.com\/en\/wp-json\/wp\/v2\/product\/54656","targetHints":{"allow":["GET"]}}],"collection":[{"href":"https:\/\/engel-kunst.com\/en\/wp-json\/wp\/v2\/product"}],"about":[{"href":"https:\/\/engel-kunst.com\/en\/wp-json\/wp\/v2\/types\/product"}],"wp:featuredmedia":[{"embeddable":true,"href":"https:\/\/engel-kunst.com\/en\/wp-json\/wp\/v2\/media\/54657"}],"wp:attachment":[{"href":"https:\/\/engel-kunst.com\/en\/wp-json\/wp\/v2\/media?parent=54656"}],"wp:term":[{"taxonomy":"product_brand","embeddable":true,"href":"https:\/\/engel-kunst.com\/en\/wp-json\/wp\/v2\/product_brand?post=54656"},{"taxonomy":"product_cat","embeddable":true,"href":"https:\/\/engel-kunst.com\/en\/wp-json\/wp\/v2\/product_cat?post=54656"},{"taxonomy":"product_tag","embeddable":true,"href":"https:\/\/engel-kunst.com\/en\/wp-json\/wp\/v2\/product_tag?post=54656"}],"curies":[{"name":"wp","href":"https:\/\/api.w.org\/{rel}","templated":true}]}}