{"id":54670,"date":"2025-12-02T16:45:17","date_gmt":"2025-12-02T15:45:17","guid":{"rendered":"https:\/\/engel-kunst.com\/auktion-objekt\/herrenarmbanduhr-41\/"},"modified":"2025-12-02T16:45:19","modified_gmt":"2025-12-02T15:45:19","slug":"herrenarmbanduhr-41","status":"publish","type":"product","link":"https:\/\/engel-kunst.com\/en\/auktion-objekt\/herrenarmbanduhr-41\/","title":{"rendered":"Herrenarmbanduhr"},"content":{"rendered":"<p>Herrenarmbanduhr<br \/>\nHeno. Schweiz, um 1967. Rundes Geh\u00e4use. D 35 mm. Silberfarbenes Zifferblatt, silberne Ziffernstriche und Zeiger, kleine Sek. bei 6. Werk AS 1130 mit 17 Steinen, Schwanenhalsfeinregulierung, Handaufzug, gangbar. Gebrauchsspuren, Geh\u00e4userand besto\u00dfen. Schwarzes Lederarmband mit Dornschlie\u00dfe.<\/p>\n","protected":false},"excerpt":{"rendered":"<p>Herrenarmbanduhr<br \/>\nHeno. Schweiz, um 1967. Rundes Geh\u00e4use. D 35 mm. Silberfarbenes Zifferblatt, silberne Ziffernstriche und Zeiger, kleine Sek. bei 6. Werk AS 1130 mit 17 Steinen, Schwanenhalsfeinregulierung, Handaufzug, gangbar. Gebrauchsspuren, Geh\u00e4userand besto\u00dfen. Schwarzes Lederarmband mit Dornschlie\u00dfe.<br \/>\n\u20ac 90<\/p>\n","protected":false},"featured_media":54671,"template":"","meta":{"_acf_changed":false,"_seopress_robots_primary_cat":"","_seopress_titles_title":"","_seopress_titles_desc":"","_seopress_robots_index":""},"product_brand":[],"product_cat":[20],"product_tag":[51],"class_list":{"0":"post-54670","1":"product","2":"type-product","3":"status-publish","4":"has-post-thumbnail","6":"auktion-versteigerung-151","7":"auktion-aktuell","8":"product_cat-uhren-wissenschaftliche-instrumente","9":"product_tag-schriftlich","10":"sales-flash-overlay","11":"woocommerce-text-align-left","12":"woocommerce-image-align-center","14":"first","15":"instock","16":"sold-individually","17":"purchasable","18":"product-type-simple"},"acf":[],"_links":{"self":[{"href":"https:\/\/engel-kunst.com\/en\/wp-json\/wp\/v2\/product\/54670","targetHints":{"allow":["GET"]}}],"collection":[{"href":"https:\/\/engel-kunst.com\/en\/wp-json\/wp\/v2\/product"}],"about":[{"href":"https:\/\/engel-kunst.com\/en\/wp-json\/wp\/v2\/types\/product"}],"wp:featuredmedia":[{"embeddable":true,"href":"https:\/\/engel-kunst.com\/en\/wp-json\/wp\/v2\/media\/54671"}],"wp:attachment":[{"href":"https:\/\/engel-kunst.com\/en\/wp-json\/wp\/v2\/media?parent=54670"}],"wp:term":[{"taxonomy":"product_brand","embeddable":true,"href":"https:\/\/engel-kunst.com\/en\/wp-json\/wp\/v2\/product_brand?post=54670"},{"taxonomy":"product_cat","embeddable":true,"href":"https:\/\/engel-kunst.com\/en\/wp-json\/wp\/v2\/product_cat?post=54670"},{"taxonomy":"product_tag","embeddable":true,"href":"https:\/\/engel-kunst.com\/en\/wp-json\/wp\/v2\/product_tag?post=54670"}],"curies":[{"name":"wp","href":"https:\/\/api.w.org\/{rel}","templated":true}]}}