{"id":54674,"date":"2025-12-02T16:45:17","date_gmt":"2025-12-02T15:45:17","guid":{"rendered":"https:\/\/engel-kunst.com\/auktion-objekt\/herrenarmbanduhr-43\/"},"modified":"2025-12-02T16:45:20","modified_gmt":"2025-12-02T15:45:20","slug":"herrenarmbanduhr-43","status":"publish","type":"product","link":"https:\/\/engel-kunst.com\/en\/auktion-objekt\/herrenarmbanduhr-43\/","title":{"rendered":"Herrenarmbanduhr"},"content":{"rendered":"<p>Herrenarmbanduhr<br \/>\nRichtenburg. Reverenznr. 10500. Geh\u00e4use Edelstahl, geh\u00e4rtetes Mineralglas. D ohne Krone 44 mm. 10 ATM druckgepr\u00fcft, Echtlederarmband. Automatikwerk Richtenburg, Kaliber RK190, 20 Steine, Datum, Tag und Monat, gangbar. Nur wenig getragen. Mit Aufbewahrungsbox.<\/p>\n","protected":false},"excerpt":{"rendered":"<p>Herrenarmbanduhr<br \/>\nRichtenburg. Reverenznr. 10500. Geh\u00e4use Edelstahl, geh\u00e4rtetes Mineralglas. D ohne Krone 44 mm. 10 ATM druckgepr\u00fcft, Echtlederarmband. Automatikwerk Richtenburg, Kaliber RK190, 20 Steine, Datum, Tag und Monat, gangbar. Nur wenig getragen. Mit Aufbewahrungsbox.<br \/>\n\u20ac 600<\/p>\n","protected":false},"featured_media":54675,"template":"","meta":{"_acf_changed":false,"_seopress_robots_primary_cat":"","_seopress_titles_title":"","_seopress_titles_desc":"","_seopress_robots_index":""},"product_brand":[],"product_cat":[20],"product_tag":[52],"class_list":{"0":"post-54674","1":"product","2":"type-product","3":"status-publish","4":"has-post-thumbnail","6":"auktion-versteigerung-151","7":"auktion-aktuell","8":"product_cat-uhren-wissenschaftliche-instrumente","9":"product_tag-telefon","10":"sales-flash-overlay","11":"woocommerce-text-align-left","12":"woocommerce-image-align-center","14":"first","15":"instock","16":"sold-individually","17":"purchasable","18":"product-type-simple"},"acf":[],"_links":{"self":[{"href":"https:\/\/engel-kunst.com\/en\/wp-json\/wp\/v2\/product\/54674","targetHints":{"allow":["GET"]}}],"collection":[{"href":"https:\/\/engel-kunst.com\/en\/wp-json\/wp\/v2\/product"}],"about":[{"href":"https:\/\/engel-kunst.com\/en\/wp-json\/wp\/v2\/types\/product"}],"wp:featuredmedia":[{"embeddable":true,"href":"https:\/\/engel-kunst.com\/en\/wp-json\/wp\/v2\/media\/54675"}],"wp:attachment":[{"href":"https:\/\/engel-kunst.com\/en\/wp-json\/wp\/v2\/media?parent=54674"}],"wp:term":[{"taxonomy":"product_brand","embeddable":true,"href":"https:\/\/engel-kunst.com\/en\/wp-json\/wp\/v2\/product_brand?post=54674"},{"taxonomy":"product_cat","embeddable":true,"href":"https:\/\/engel-kunst.com\/en\/wp-json\/wp\/v2\/product_cat?post=54674"},{"taxonomy":"product_tag","embeddable":true,"href":"https:\/\/engel-kunst.com\/en\/wp-json\/wp\/v2\/product_tag?post=54674"}],"curies":[{"name":"wp","href":"https:\/\/api.w.org\/{rel}","templated":true}]}}