{"id":54700,"date":"2025-12-02T16:45:23","date_gmt":"2025-12-02T15:45:23","guid":{"rendered":"https:\/\/engel-kunst.com\/auktion-objekt\/deckeltopf\/"},"modified":"2025-12-14T15:07:20","modified_gmt":"2025-12-14T14:07:20","slug":"deckeltopf","status":"publish","type":"product","link":"https:\/\/engel-kunst.com\/en\/auktion-objekt\/deckeltopf\/","title":{"rendered":"Deckeltopf"},"content":{"rendered":"<p>Deckeltopf<br \/>\nW\u00e4chtersbacher Steingutfabrik, Kunstabteilung Schweitzer, Manufakturstempel, um 1930. Ovoide Form, zwei Bandhenkel, flacher Deckel mit Bandgriff. Gr\u00fcne Glasur mit grauem Craquel\u00e9, Dekor Blattranken mit Fr\u00fcchten in Schwarz und Weinrot. H 14,3 cm, L 30,2 cm.<\/p>\n","protected":false},"excerpt":{"rendered":"<p>Deckeltopf<br \/>\nW\u00e4chtersbacher Steingutfabrik, Kunstabteilung Schweitzer, Manufakturstempel, um 1930. Ovoide Form, zwei Bandhenkel, flacher Deckel mit Bandgriff. Gr\u00fcne Glasur mit grauem Craquel\u00e9, Dekor Blattranken mit Fr\u00fcchten in Schwarz und Weinrot. H 14,3 cm, L 30,2 cm.<br \/>\n\u20ac 10<\/p>\n","protected":false},"featured_media":54701,"template":"","meta":{"_acf_changed":false,"_seopress_robots_primary_cat":"","_seopress_titles_title":"","_seopress_titles_desc":"","_seopress_robots_index":""},"product_brand":[],"product_cat":[22],"product_tag":[51],"class_list":{"0":"post-54700","1":"product","2":"type-product","3":"status-publish","4":"has-post-thumbnail","6":"auktion-versteigerung-151","7":"auktion-aktuell","8":"product_cat-keramik","9":"product_tag-schriftlich","10":"sales-flash-overlay","11":"woocommerce-text-align-left","12":"woocommerce-image-align-center","14":"first","15":"outofstock","16":"sold-individually","17":"purchasable","18":"product-type-simple"},"acf":[],"_links":{"self":[{"href":"https:\/\/engel-kunst.com\/en\/wp-json\/wp\/v2\/product\/54700","targetHints":{"allow":["GET"]}}],"collection":[{"href":"https:\/\/engel-kunst.com\/en\/wp-json\/wp\/v2\/product"}],"about":[{"href":"https:\/\/engel-kunst.com\/en\/wp-json\/wp\/v2\/types\/product"}],"wp:featuredmedia":[{"embeddable":true,"href":"https:\/\/engel-kunst.com\/en\/wp-json\/wp\/v2\/media\/54701"}],"wp:attachment":[{"href":"https:\/\/engel-kunst.com\/en\/wp-json\/wp\/v2\/media?parent=54700"}],"wp:term":[{"taxonomy":"product_brand","embeddable":true,"href":"https:\/\/engel-kunst.com\/en\/wp-json\/wp\/v2\/product_brand?post=54700"},{"taxonomy":"product_cat","embeddable":true,"href":"https:\/\/engel-kunst.com\/en\/wp-json\/wp\/v2\/product_cat?post=54700"},{"taxonomy":"product_tag","embeddable":true,"href":"https:\/\/engel-kunst.com\/en\/wp-json\/wp\/v2\/product_tag?post=54700"}],"curies":[{"name":"wp","href":"https:\/\/api.w.org\/{rel}","templated":true}]}}