{"id":54740,"date":"2025-12-02T16:45:35","date_gmt":"2025-12-02T15:45:35","guid":{"rendered":"https:\/\/engel-kunst.com\/auktion-objekt\/schuessel\/"},"modified":"2025-12-02T16:45:40","modified_gmt":"2025-12-02T15:45:40","slug":"schuessel","status":"publish","type":"product","link":"https:\/\/engel-kunst.com\/en\/auktion-objekt\/schuessel\/","title":{"rendered":"Sch\u00fcssel"},"content":{"rendered":"<p>Sch\u00fcssel<br \/>\nWesterwald, H\u00f6hr-Grenzhausen, Rudi Stahl. Am Boden sign. Rudi Stahl. Runder, bauchiger Gef\u00e4\u00dfk\u00f6rper mit gekehlter Lippe. Glasur grau, braun. H 14,3 cm, D 29,6 cm.<\/p>\n","protected":false},"excerpt":{"rendered":"<p>Sch\u00fcssel<br \/>\nWesterwald, H\u00f6hr-Grenzhausen, Rudi Stahl. Am Boden sign. Rudi Stahl. Runder, bauchiger Gef\u00e4\u00dfk\u00f6rper mit gekehlter Lippe. Glasur grau, braun. H 14,3 cm, D 29,6 cm.<br \/>\n\u20ac 25<\/p>\n","protected":false},"featured_media":54741,"template":"","meta":{"_acf_changed":false,"_seopress_robots_primary_cat":"","_seopress_titles_title":"","_seopress_titles_desc":"","_seopress_robots_index":""},"product_brand":[],"product_cat":[22],"product_tag":[51],"class_list":{"0":"post-54740","1":"product","2":"type-product","3":"status-publish","4":"has-post-thumbnail","6":"auktion-versteigerung-151","7":"auktion-aktuell","8":"product_cat-keramik","9":"product_tag-schriftlich","10":"sales-flash-overlay","11":"woocommerce-text-align-left","12":"woocommerce-image-align-center","14":"first","15":"instock","16":"sold-individually","17":"purchasable","18":"product-type-simple"},"acf":[],"_links":{"self":[{"href":"https:\/\/engel-kunst.com\/en\/wp-json\/wp\/v2\/product\/54740","targetHints":{"allow":["GET"]}}],"collection":[{"href":"https:\/\/engel-kunst.com\/en\/wp-json\/wp\/v2\/product"}],"about":[{"href":"https:\/\/engel-kunst.com\/en\/wp-json\/wp\/v2\/types\/product"}],"wp:featuredmedia":[{"embeddable":true,"href":"https:\/\/engel-kunst.com\/en\/wp-json\/wp\/v2\/media\/54741"}],"wp:attachment":[{"href":"https:\/\/engel-kunst.com\/en\/wp-json\/wp\/v2\/media?parent=54740"}],"wp:term":[{"taxonomy":"product_brand","embeddable":true,"href":"https:\/\/engel-kunst.com\/en\/wp-json\/wp\/v2\/product_brand?post=54740"},{"taxonomy":"product_cat","embeddable":true,"href":"https:\/\/engel-kunst.com\/en\/wp-json\/wp\/v2\/product_cat?post=54740"},{"taxonomy":"product_tag","embeddable":true,"href":"https:\/\/engel-kunst.com\/en\/wp-json\/wp\/v2\/product_tag?post=54740"}],"curies":[{"name":"wp","href":"https:\/\/api.w.org\/{rel}","templated":true}]}}