{"id":54750,"date":"2025-12-02T16:45:41","date_gmt":"2025-12-02T15:45:41","guid":{"rendered":"https:\/\/engel-kunst.com\/auktion-objekt\/kerzenleuchter-11\/"},"modified":"2025-12-02T16:45:43","modified_gmt":"2025-12-02T15:45:43","slug":"kerzenleuchter-11","status":"publish","type":"product","link":"https:\/\/engel-kunst.com\/en\/auktion-objekt\/kerzenleuchter-11\/","title":{"rendered":"Kerzenleuchter"},"content":{"rendered":"<p>Kerzenleuchter<br \/>\nIn Form eines stehenden Trachtenm\u00e4dchens, in den H\u00e4nden die Traufschale haltend. Westerwald, H\u00f6hr-Grenzhausen, Elfriede Balzar Kopp, auf der Basis sign. BK. Salzglasiertes Steinzeug, Ritz- und Stempelmuster, kobaltblaue, gr\u00fcnliche und manganviolette Bemalung. H 21,5 cm.<\/p>\n","protected":false},"excerpt":{"rendered":"<p>Kerzenleuchter<br \/>\nIn Form eines stehenden Trachtenm\u00e4dchens, in den H\u00e4nden die Traufschale haltend. Westerwald, H\u00f6hr-Grenzhausen, Elfriede Balzar Kopp, auf der Basis sign. BK. Salzglasiertes Steinzeug, Ritz- und Stempelmuster, kobaltblaue, gr\u00fcnliche und manganviolette Bemalung. H 21,5 cm.<br \/>\n\u20ac 20<\/p>\n","protected":false},"featured_media":54751,"template":"","meta":{"_acf_changed":false,"_seopress_robots_primary_cat":"","_seopress_titles_title":"","_seopress_titles_desc":"","_seopress_robots_index":""},"product_brand":[],"product_cat":[22],"product_tag":[51],"class_list":{"0":"post-54750","1":"product","2":"type-product","3":"status-publish","4":"has-post-thumbnail","6":"auktion-versteigerung-151","7":"auktion-aktuell","8":"product_cat-keramik","9":"product_tag-schriftlich","10":"sales-flash-overlay","11":"woocommerce-text-align-left","12":"woocommerce-image-align-center","14":"first","15":"instock","16":"sold-individually","17":"purchasable","18":"product-type-simple"},"acf":[],"_links":{"self":[{"href":"https:\/\/engel-kunst.com\/en\/wp-json\/wp\/v2\/product\/54750","targetHints":{"allow":["GET"]}}],"collection":[{"href":"https:\/\/engel-kunst.com\/en\/wp-json\/wp\/v2\/product"}],"about":[{"href":"https:\/\/engel-kunst.com\/en\/wp-json\/wp\/v2\/types\/product"}],"wp:featuredmedia":[{"embeddable":true,"href":"https:\/\/engel-kunst.com\/en\/wp-json\/wp\/v2\/media\/54751"}],"wp:attachment":[{"href":"https:\/\/engel-kunst.com\/en\/wp-json\/wp\/v2\/media?parent=54750"}],"wp:term":[{"taxonomy":"product_brand","embeddable":true,"href":"https:\/\/engel-kunst.com\/en\/wp-json\/wp\/v2\/product_brand?post=54750"},{"taxonomy":"product_cat","embeddable":true,"href":"https:\/\/engel-kunst.com\/en\/wp-json\/wp\/v2\/product_cat?post=54750"},{"taxonomy":"product_tag","embeddable":true,"href":"https:\/\/engel-kunst.com\/en\/wp-json\/wp\/v2\/product_tag?post=54750"}],"curies":[{"name":"wp","href":"https:\/\/api.w.org\/{rel}","templated":true}]}}