{"id":54754,"date":"2025-12-02T16:45:41","date_gmt":"2025-12-02T15:45:41","guid":{"rendered":"https:\/\/engel-kunst.com\/auktion-objekt\/aufsatzschale\/"},"modified":"2025-12-14T15:07:23","modified_gmt":"2025-12-14T14:07:23","slug":"aufsatzschale","status":"publish","type":"product","link":"https:\/\/engel-kunst.com\/en\/auktion-objekt\/aufsatzschale\/","title":{"rendered":"Aufsatzschale"},"content":{"rendered":"<p>Aufsatzschale<br \/>\nB\u00f6hmen, wohl um 1900. Runde, bauchige Form, geschweifter Rand, Balusterschaft auf gew\u00f6lbtem Profilfu\u00df. Farbl. Glas mit wei\u00dfem und blauem \u00dcberfang. Feiner Schliffdekor, auf der Fahne umlaufende Blumenranke. H 14,3 cm, D 18,5 cm. Im Spiegel eine an der Oberfl\u00e4che ge\u00f6ffnete Luftblase.<\/p>\n","protected":false},"excerpt":{"rendered":"<p>Aufsatzschale<br \/>\nB\u00f6hmen, wohl um 1900. Runde, bauchige Form, geschweifter Rand, Balusterschaft auf gew\u00f6lbtem Profilfu\u00df. Farbl. Glas mit wei\u00dfem und blauem \u00dcberfang. Feiner Schliffdekor, auf der Fahne umlaufende Blumenranke. H 14,3 cm, D 18,5 cm. Im Spiegel eine an der Oberfl\u00e4che ge\u00f6ffnete Luftblase.<br \/>\n\u20ac 10<\/p>\n","protected":false},"featured_media":54755,"template":"","meta":{"_acf_changed":false,"_seopress_robots_primary_cat":"","_seopress_titles_title":"","_seopress_titles_desc":"","_seopress_robots_index":""},"product_brand":[],"product_cat":[23],"product_tag":[51],"class_list":{"0":"post-54754","1":"product","2":"type-product","3":"status-publish","4":"has-post-thumbnail","6":"auktion-versteigerung-151","7":"auktion-aktuell","8":"product_cat-glas","9":"product_tag-schriftlich","10":"sales-flash-overlay","11":"woocommerce-text-align-left","12":"woocommerce-image-align-center","14":"first","15":"outofstock","16":"sold-individually","17":"purchasable","18":"product-type-simple"},"acf":[],"_links":{"self":[{"href":"https:\/\/engel-kunst.com\/en\/wp-json\/wp\/v2\/product\/54754","targetHints":{"allow":["GET"]}}],"collection":[{"href":"https:\/\/engel-kunst.com\/en\/wp-json\/wp\/v2\/product"}],"about":[{"href":"https:\/\/engel-kunst.com\/en\/wp-json\/wp\/v2\/types\/product"}],"wp:featuredmedia":[{"embeddable":true,"href":"https:\/\/engel-kunst.com\/en\/wp-json\/wp\/v2\/media\/54755"}],"wp:attachment":[{"href":"https:\/\/engel-kunst.com\/en\/wp-json\/wp\/v2\/media?parent=54754"}],"wp:term":[{"taxonomy":"product_brand","embeddable":true,"href":"https:\/\/engel-kunst.com\/en\/wp-json\/wp\/v2\/product_brand?post=54754"},{"taxonomy":"product_cat","embeddable":true,"href":"https:\/\/engel-kunst.com\/en\/wp-json\/wp\/v2\/product_cat?post=54754"},{"taxonomy":"product_tag","embeddable":true,"href":"https:\/\/engel-kunst.com\/en\/wp-json\/wp\/v2\/product_tag?post=54754"}],"curies":[{"name":"wp","href":"https:\/\/api.w.org\/{rel}","templated":true}]}}