{"id":54771,"date":"2025-12-02T16:45:47","date_gmt":"2025-12-02T15:45:47","guid":{"rendered":"https:\/\/engel-kunst.com\/auktion-objekt\/vase-19\/"},"modified":"2025-12-14T15:07:24","modified_gmt":"2025-12-14T14:07:24","slug":"vase-19","status":"publish","type":"product","link":"https:\/\/engel-kunst.com\/en\/auktion-objekt\/vase-19\/","title":{"rendered":"Vase"},"content":{"rendered":"<p>Vase<br \/>\nWohl 1. H\u00e4lfte 20. Jh.. Zylindrischer, oben und unten weitender Gef\u00e4\u00dfk\u00f6rper aus r\u00f6tlichbraun eingef\u00e4rbtem Glas, l\u00fcstrierend. Am Boden angeschliffener Abriss. Dunkelrote Emailfarbenbemalung, Darstellung einer Landschaft mit B\u00e4umen, Str\u00e4uchern und V\u00f6geln im Flug. H 17,7 cm.<\/p>\n","protected":false},"excerpt":{"rendered":"<p>Vase<br \/>\nWohl 1. H\u00e4lfte 20. Jh.. Zylindrischer, oben und unten weitender Gef\u00e4\u00dfk\u00f6rper aus r\u00f6tlichbraun eingef\u00e4rbtem Glas, l\u00fcstrierend. Am Boden angeschliffener Abriss. Dunkelrote Emailfarbenbemalung, Darstellung einer Landschaft mit B\u00e4umen, Str\u00e4uchern und V\u00f6geln im Flug. H 17,7 cm.<br \/>\n\u20ac 10<\/p>\n","protected":false},"featured_media":54772,"template":"","meta":{"_acf_changed":false,"_seopress_robots_primary_cat":"","_seopress_titles_title":"","_seopress_titles_desc":"","_seopress_robots_index":""},"product_brand":[],"product_cat":[23],"product_tag":[51],"class_list":{"0":"post-54771","1":"product","2":"type-product","3":"status-publish","4":"has-post-thumbnail","6":"auktion-versteigerung-151","7":"auktion-aktuell","8":"product_cat-glas","9":"product_tag-schriftlich","10":"sales-flash-overlay","11":"woocommerce-text-align-left","12":"woocommerce-image-align-center","14":"first","15":"outofstock","16":"sold-individually","17":"purchasable","18":"product-type-simple"},"acf":[],"_links":{"self":[{"href":"https:\/\/engel-kunst.com\/en\/wp-json\/wp\/v2\/product\/54771","targetHints":{"allow":["GET"]}}],"collection":[{"href":"https:\/\/engel-kunst.com\/en\/wp-json\/wp\/v2\/product"}],"about":[{"href":"https:\/\/engel-kunst.com\/en\/wp-json\/wp\/v2\/types\/product"}],"wp:featuredmedia":[{"embeddable":true,"href":"https:\/\/engel-kunst.com\/en\/wp-json\/wp\/v2\/media\/54772"}],"wp:attachment":[{"href":"https:\/\/engel-kunst.com\/en\/wp-json\/wp\/v2\/media?parent=54771"}],"wp:term":[{"taxonomy":"product_brand","embeddable":true,"href":"https:\/\/engel-kunst.com\/en\/wp-json\/wp\/v2\/product_brand?post=54771"},{"taxonomy":"product_cat","embeddable":true,"href":"https:\/\/engel-kunst.com\/en\/wp-json\/wp\/v2\/product_cat?post=54771"},{"taxonomy":"product_tag","embeddable":true,"href":"https:\/\/engel-kunst.com\/en\/wp-json\/wp\/v2\/product_tag?post=54771"}],"curies":[{"name":"wp","href":"https:\/\/api.w.org\/{rel}","templated":true}]}}