{"id":54789,"date":"2025-12-02T16:45:53","date_gmt":"2025-12-02T15:45:53","guid":{"rendered":"https:\/\/engel-kunst.com\/auktion-objekt\/vase-60\/"},"modified":"2025-12-14T15:07:26","modified_gmt":"2025-12-14T14:07:26","slug":"vase-60","status":"publish","type":"product","link":"https:\/\/engel-kunst.com\/en\/auktion-objekt\/vase-60\/","title":{"rendered":"Vase"},"content":{"rendered":"<p>Vase<br \/>\nMalta, Mdina Glas. Am Boden sign.: Mdina. Konisches Schultergef\u00e4\u00df, kurzer, oben weit ausschwingender Hals. Fabl. und blaues \u00dcberfangglas, gelbe Einschmelzungen. H 10,7 cm.<\/p>\n","protected":false},"excerpt":{"rendered":"<p>Vase<br \/>\nMalta, Mdina Glas. Am Boden sign.: Mdina. Konisches Schultergef\u00e4\u00df, kurzer, oben weit ausschwingender Hals. Fabl. und blaues \u00dcberfangglas, gelbe Einschmelzungen. H 10,7 cm.<br \/>\n\u20ac 10<\/p>\n","protected":false},"featured_media":54790,"template":"","meta":{"_acf_changed":false,"_seopress_robots_primary_cat":"","_seopress_titles_title":"","_seopress_titles_desc":"","_seopress_robots_index":""},"product_brand":[],"product_cat":[23],"product_tag":[51],"class_list":{"0":"post-54789","1":"product","2":"type-product","3":"status-publish","4":"has-post-thumbnail","6":"auktion-versteigerung-151","7":"auktion-aktuell","8":"product_cat-glas","9":"product_tag-schriftlich","10":"sales-flash-overlay","11":"woocommerce-text-align-left","12":"woocommerce-image-align-center","14":"first","15":"outofstock","16":"sold-individually","17":"purchasable","18":"product-type-simple"},"acf":[],"_links":{"self":[{"href":"https:\/\/engel-kunst.com\/en\/wp-json\/wp\/v2\/product\/54789","targetHints":{"allow":["GET"]}}],"collection":[{"href":"https:\/\/engel-kunst.com\/en\/wp-json\/wp\/v2\/product"}],"about":[{"href":"https:\/\/engel-kunst.com\/en\/wp-json\/wp\/v2\/types\/product"}],"wp:featuredmedia":[{"embeddable":true,"href":"https:\/\/engel-kunst.com\/en\/wp-json\/wp\/v2\/media\/54790"}],"wp:attachment":[{"href":"https:\/\/engel-kunst.com\/en\/wp-json\/wp\/v2\/media?parent=54789"}],"wp:term":[{"taxonomy":"product_brand","embeddable":true,"href":"https:\/\/engel-kunst.com\/en\/wp-json\/wp\/v2\/product_brand?post=54789"},{"taxonomy":"product_cat","embeddable":true,"href":"https:\/\/engel-kunst.com\/en\/wp-json\/wp\/v2\/product_cat?post=54789"},{"taxonomy":"product_tag","embeddable":true,"href":"https:\/\/engel-kunst.com\/en\/wp-json\/wp\/v2\/product_tag?post=54789"}],"curies":[{"name":"wp","href":"https:\/\/api.w.org\/{rel}","templated":true}]}}