{"id":54795,"date":"2025-12-02T16:45:53","date_gmt":"2025-12-02T15:45:53","guid":{"rendered":"https:\/\/engel-kunst.com\/auktion-objekt\/karaffe-6\/"},"modified":"2025-12-14T15:07:26","modified_gmt":"2025-12-14T14:07:26","slug":"karaffe-6","status":"publish","type":"product","link":"https:\/\/engel-kunst.com\/en\/auktion-objekt\/karaffe-6\/","title":{"rendered":"Karaffe"},"content":{"rendered":"<p>Karaffe<br \/>\nViereckiger Gef\u00e4\u00dfk\u00f6rper mit eingedellter Wandung. Farbl. Glas, Zylinderhals mit breiter Manschette aus 800er Silber mit Widmungsgravur, dat. 1934. Konischer, kantig geschliffener St\u00f6psel. H 25 cm.<\/p>\n","protected":false},"excerpt":{"rendered":"<p>Karaffe<br \/>\nViereckiger Gef\u00e4\u00dfk\u00f6rper mit eingedellter Wandung. Farbl. Glas, Zylinderhals mit breiter Manschette aus 800er Silber mit Widmungsgravur, dat. 1934. Konischer, kantig geschliffener St\u00f6psel. H 25 cm.<br \/>\n\u20ac 10<\/p>\n","protected":false},"featured_media":54796,"template":"","meta":{"_acf_changed":false,"_seopress_robots_primary_cat":"","_seopress_titles_title":"","_seopress_titles_desc":"","_seopress_robots_index":""},"product_brand":[],"product_cat":[23],"product_tag":[51],"class_list":{"0":"post-54795","1":"product","2":"type-product","3":"status-publish","4":"has-post-thumbnail","6":"auktion-versteigerung-151","7":"auktion-aktuell","8":"product_cat-glas","9":"product_tag-schriftlich","10":"sales-flash-overlay","11":"woocommerce-text-align-left","12":"woocommerce-image-align-center","14":"first","15":"outofstock","16":"sold-individually","17":"purchasable","18":"product-type-simple"},"acf":[],"_links":{"self":[{"href":"https:\/\/engel-kunst.com\/en\/wp-json\/wp\/v2\/product\/54795","targetHints":{"allow":["GET"]}}],"collection":[{"href":"https:\/\/engel-kunst.com\/en\/wp-json\/wp\/v2\/product"}],"about":[{"href":"https:\/\/engel-kunst.com\/en\/wp-json\/wp\/v2\/types\/product"}],"wp:featuredmedia":[{"embeddable":true,"href":"https:\/\/engel-kunst.com\/en\/wp-json\/wp\/v2\/media\/54796"}],"wp:attachment":[{"href":"https:\/\/engel-kunst.com\/en\/wp-json\/wp\/v2\/media?parent=54795"}],"wp:term":[{"taxonomy":"product_brand","embeddable":true,"href":"https:\/\/engel-kunst.com\/en\/wp-json\/wp\/v2\/product_brand?post=54795"},{"taxonomy":"product_cat","embeddable":true,"href":"https:\/\/engel-kunst.com\/en\/wp-json\/wp\/v2\/product_cat?post=54795"},{"taxonomy":"product_tag","embeddable":true,"href":"https:\/\/engel-kunst.com\/en\/wp-json\/wp\/v2\/product_tag?post=54795"}],"curies":[{"name":"wp","href":"https:\/\/api.w.org\/{rel}","templated":true}]}}