{"id":54851,"date":"2025-12-02T16:46:11","date_gmt":"2025-12-02T15:46:11","guid":{"rendered":"https:\/\/engel-kunst.com\/auktion-objekt\/teekanne-3\/"},"modified":"2025-12-14T15:07:32","modified_gmt":"2025-12-14T14:07:32","slug":"teekanne-3","status":"publish","type":"product","link":"https:\/\/engel-kunst.com\/en\/auktion-objekt\/teekanne-3\/","title":{"rendered":"Teekanne"},"content":{"rendered":"<p>Teekanne<br \/>\nEngland, Sheffield. 925er Silber, Jahresbuchstabe &#8216;v&#8217; f\u00fcr 1913. Bauchiges Schultergef\u00e4\u00df auf gedr\u00fcckten Kugelf\u00fc\u00dfchen, oben Reliefrand, Scharnierdeckel mit Holzknauf, geschwungener, kantiger Ausguss, schwarzer Holzhenkel. H 14 cm. Nur m\u00e4\u00dfige Gebrauchsspuren. 554 g.<\/p>\n","protected":false},"excerpt":{"rendered":"<p>Teekanne<br \/>\nEngland, Sheffield. 925er Silber, Jahresbuchstabe &#8216;v&#8217; f\u00fcr 1913. Bauchiges Schultergef\u00e4\u00df auf gedr\u00fcckten Kugelf\u00fc\u00dfchen, oben Reliefrand, Scharnierdeckel mit Holzknauf, geschwungener, kantiger Ausguss, schwarzer Holzhenkel. H 14 cm. Nur m\u00e4\u00dfige Gebrauchsspuren. 554 g.<br \/>\n\u20ac 200<\/p>\n","protected":false},"featured_media":54852,"template":"","meta":{"_acf_changed":false,"_seopress_robots_primary_cat":"","_seopress_titles_title":"","_seopress_titles_desc":"","_seopress_robots_index":""},"product_brand":[],"product_cat":[32],"product_tag":[51],"class_list":{"0":"post-54851","1":"product","2":"type-product","3":"status-publish","4":"has-post-thumbnail","6":"auktion-versteigerung-151","7":"auktion-aktuell","8":"product_cat-silber-versilbertes-vergoldetes","9":"product_tag-schriftlich","10":"sales-flash-overlay","11":"woocommerce-text-align-left","12":"woocommerce-image-align-center","14":"first","15":"outofstock","16":"sold-individually","17":"purchasable","18":"product-type-simple"},"acf":[],"_links":{"self":[{"href":"https:\/\/engel-kunst.com\/en\/wp-json\/wp\/v2\/product\/54851","targetHints":{"allow":["GET"]}}],"collection":[{"href":"https:\/\/engel-kunst.com\/en\/wp-json\/wp\/v2\/product"}],"about":[{"href":"https:\/\/engel-kunst.com\/en\/wp-json\/wp\/v2\/types\/product"}],"wp:featuredmedia":[{"embeddable":true,"href":"https:\/\/engel-kunst.com\/en\/wp-json\/wp\/v2\/media\/54852"}],"wp:attachment":[{"href":"https:\/\/engel-kunst.com\/en\/wp-json\/wp\/v2\/media?parent=54851"}],"wp:term":[{"taxonomy":"product_brand","embeddable":true,"href":"https:\/\/engel-kunst.com\/en\/wp-json\/wp\/v2\/product_brand?post=54851"},{"taxonomy":"product_cat","embeddable":true,"href":"https:\/\/engel-kunst.com\/en\/wp-json\/wp\/v2\/product_cat?post=54851"},{"taxonomy":"product_tag","embeddable":true,"href":"https:\/\/engel-kunst.com\/en\/wp-json\/wp\/v2\/product_tag?post=54851"}],"curies":[{"name":"wp","href":"https:\/\/api.w.org\/{rel}","templated":true}]}}