{"id":56000,"date":"2025-12-02T16:52:00","date_gmt":"2025-12-02T15:52:00","guid":{"rendered":"https:\/\/engel-kunst.com\/auktion-objekt\/anonymer-meister\/"},"modified":"2025-12-04T11:22:29","modified_gmt":"2025-12-04T10:22:29","slug":"anonymer-meister","status":"publish","type":"product","link":"https:\/\/engel-kunst.com\/en\/auktion-objekt\/anonymer-meister\/","title":{"rendered":"Raffael-Schule, um 1580"},"content":{"rendered":"<p>Raffael-Schule, um 1580<br \/>\n&#8220;Madonna mit der Nelke&#8221;. In einem Interieur sitzend reicht Maria dem auf ihrem Scho\u00df auf einem Kissen sitzenden Jesuskind eine Nelke, die auf seine bevorstehende Passion hinweist. Rechts ein Fenster mit Ausblick auf eine Landschaft mit Burg. \u00d6l\/Fichtenholz, 30,2 x 23 cm. Alter Goldrahmen. Das Gem\u00e4lde wurde von dem Mittelalterexperten Prof. Dr. Frank G\u00fcnter Zehnder, Direktor der Internationalen Kunstakad. Heimbach, im Beisein des Besitzers pers\u00f6nlich untersucht und als Raffael Schule bezeichnet. Prof. Dr. Zehnder war von 1996 bis 2004 Direktor des Rheinischen Landesmuseums Bonn. Vorher war er 24 Jahre Mittelalterexperte des Wallraf-Richartz-Museums K\u00f6ln und Verfasser zahlreicher B\u00fccher. Zum Gem\u00e4lde liegt ein dendrochronologisches Gutachten der Universi\u00e4t Hamburg vom 18.03.2024 vor, verfasst von Prof. Dr. Peter Klein; er ist der f\u00fchrende Dendrochronologe nicht nur in Europa, er hat weltweit in zahlreichen bedeutenden Museen Gem\u00e4lde untersucht. Das Original gilt noch immer als verschollen. Provenienz: Sammlung Prinz Demidoff von San Donato, Sammlung Wilhelm Hack (1899-1985), Stifter des Hack-Museums in Ludwigshafen, jetzt: rheinischer Privatbesitz.<\/p>\n","protected":false},"excerpt":{"rendered":"<p>Raffael Schule, um 1580<br \/>\n&#8220;Madonna mit der Nelke&#8221;. In einem Interieur sitzend reicht Maria dem auf ihrem Scho\u00df auf einem Kissen sitzenden Jesuskind eine Nelke, die auf seine bevorstehende Passion hinweist. Rechts ein Fenster mit Ausblick auf eine Landschaft mit Burg. \u00d6l\/Fichtenholz, 30,2 x 23 cm. Alter Goldrahmen. Das Gem\u00e4lde wurde von dem Mittelalterexperten Prof. Dr. Frank G\u00fcnter Zehnder, Direktor der Internationalen Kunstakad. Heimbach, im Beisein des Besitzers pers\u00f6nlich untersucht und als Raffael Schule bezeichnet. Prof. Dr. Zehnder war von 1996 bis 2004 Direktor des Rheinischen Landesmuseums Bonn. Vorher war er 24 Jahre Mittelalterexperte des Wallraf-Richartz-Museums K\u00f6ln und Verfasser zahlreicher B\u00fccher. Zum Gem\u00e4lde liegt ein dendrochronologisches Gutachten der Universi\u00e4t Hamburg vom 18.03.2024 vor, verfasst von Prof. Dr. Peter Klein; er ist der f\u00fchrende Dendrochronologe nicht nur in Europa, er hat weltweit in zahlreichen bedeutenden Museen Gem\u00e4lde untersucht. Das Original gilt noch immer als verschollen. Provenienz: Sammlung Prinz Demidoff von San Donato, Sammlung Wilhelm Hack (1899-1985), Stifter des Hack-Museums in Ludwigshafen, jetzt: rheinischer Privatbesitz.<br \/>\n\u20ac 5500<\/p>\n","protected":false},"featured_media":56001,"template":"","meta":{"_acf_changed":false,"_seopress_robots_primary_cat":"none","_seopress_titles_title":"","_seopress_titles_desc":"","_seopress_robots_index":""},"product_brand":[],"product_cat":[79],"product_tag":[52],"class_list":{"0":"post-56000","1":"product","2":"type-product","3":"status-publish","4":"has-post-thumbnail","6":"auktion-versteigerung-151","7":"auktion-aktuell","8":"product_cat-gemaelde-aquarelle-zeichnungen-15-bis-19-jahrhundert","9":"product_tag-telefon","10":"sales-flash-overlay","11":"woocommerce-text-align-left","12":"woocommerce-image-align-center","14":"first","15":"instock","16":"featured","17":"sold-individually","18":"purchasable","19":"product-type-simple"},"acf":[],"_links":{"self":[{"href":"https:\/\/engel-kunst.com\/en\/wp-json\/wp\/v2\/product\/56000","targetHints":{"allow":["GET"]}}],"collection":[{"href":"https:\/\/engel-kunst.com\/en\/wp-json\/wp\/v2\/product"}],"about":[{"href":"https:\/\/engel-kunst.com\/en\/wp-json\/wp\/v2\/types\/product"}],"wp:featuredmedia":[{"embeddable":true,"href":"https:\/\/engel-kunst.com\/en\/wp-json\/wp\/v2\/media\/56001"}],"wp:attachment":[{"href":"https:\/\/engel-kunst.com\/en\/wp-json\/wp\/v2\/media?parent=56000"}],"wp:term":[{"taxonomy":"product_brand","embeddable":true,"href":"https:\/\/engel-kunst.com\/en\/wp-json\/wp\/v2\/product_brand?post=56000"},{"taxonomy":"product_cat","embeddable":true,"href":"https:\/\/engel-kunst.com\/en\/wp-json\/wp\/v2\/product_cat?post=56000"},{"taxonomy":"product_tag","embeddable":true,"href":"https:\/\/engel-kunst.com\/en\/wp-json\/wp\/v2\/product_tag?post=56000"}],"curies":[{"name":"wp","href":"https:\/\/api.w.org\/{rel}","templated":true}]}}