{"id":56043,"date":"2025-12-02T16:52:14","date_gmt":"2025-12-02T15:52:14","guid":{"rendered":"https:\/\/engel-kunst.com\/auktion-objekt\/stalbemt-adriaen-van\/"},"modified":"2025-12-02T17:30:20","modified_gmt":"2025-12-02T16:30:20","slug":"stalbemt-adriaen-van","status":"publish","type":"product","link":"https:\/\/engel-kunst.com\/en\/auktion-objekt\/stalbemt-adriaen-van\/","title":{"rendered":"Stalbemt, Adriaen van"},"content":{"rendered":"<p>Stalbemt, Adriaen van<br \/>\n1580 Antwerpen 1662; fl\u00e4m. Landschafts- und Figurenmaler, seit 1610 Meister der Lukasgilde in Antwerpen. Er orientierte sich in Motivwahl und Komposition an seine Gildenbr\u00fcder Jan Brueghel d. \u00c4. und Hendrik van Balen. &#8220;Flucht nach \u00c4gypten&#8221;. \u00d6l\/Lwd., 41 x 57,5 cm. R.. Die  Authentizit\u00e4t des Gem\u00e4ldes wurde mit Schreiben vom 2. Oktober 2020 von dem Verfasser des Werksverzeichnisses, Dr. Klaus Ertz, best\u00e4tigt. Es soll in einen Nachtrag aufgenommen werden. Provenienz: ehem. Kunstsalon Hermann Abels, K\u00f6ln, Sammlung Wilhelm Hack (1899-1985), Stifter des Hack-Museums in Ludwigshafen, jetzt: rheinische Privatsammlung. <\/p>\n","protected":false},"excerpt":{"rendered":"<p>Stalbemt, Adriaen van<br \/>\n1580 Antwerpen 1662; fl\u00e4m. Landschafts- und Figurenmaler, seit 1610 Meister der Lukasgilde in Antwerpen. Er orientierte sich in Motivwahl und Komposition an seine Gildenbr\u00fcder Jan Brueghel d. \u00c4. und Hendrik van Balen. &#8220;Flucht nach \u00c4gypten&#8221;. \u00d6l\/Lwd., 41 x 57,5 cm. R.. Die  Authentizit\u00e4t des Gem\u00e4ldes wurde mit Schreiben vom 2. Oktober 2020 von dem Verfasser des Werksverzeichnisses, Dr. Klaus Ertz, best\u00e4tigt. Es soll in einen Nachtrag aufgenommen werden. Provenienz: ehem. Kunstsalon Hermann Abels, K\u00f6ln, Sammlung Wilhelm Hack (1899-1985), Stifter des Hack-Museums in Ludwigshafen, jetzt: rheinische Privatsammlung.<br \/>\n\u20ac 5500<\/p>\n","protected":false},"featured_media":56044,"template":"","meta":{"_acf_changed":false,"_seopress_robots_primary_cat":"","_seopress_titles_title":"","_seopress_titles_desc":"","_seopress_robots_index":""},"product_brand":[],"product_cat":[79],"product_tag":[52],"class_list":{"0":"post-56043","1":"product","2":"type-product","3":"status-publish","4":"has-post-thumbnail","6":"auktion-versteigerung-151","7":"auktion-aktuell","8":"product_cat-gemaelde-aquarelle-zeichnungen-15-bis-19-jahrhundert","9":"product_tag-telefon","10":"sales-flash-overlay","11":"woocommerce-text-align-left","12":"woocommerce-image-align-center","14":"first","15":"instock","16":"featured","17":"sold-individually","18":"purchasable","19":"product-type-simple"},"acf":[],"_links":{"self":[{"href":"https:\/\/engel-kunst.com\/en\/wp-json\/wp\/v2\/product\/56043","targetHints":{"allow":["GET"]}}],"collection":[{"href":"https:\/\/engel-kunst.com\/en\/wp-json\/wp\/v2\/product"}],"about":[{"href":"https:\/\/engel-kunst.com\/en\/wp-json\/wp\/v2\/types\/product"}],"wp:featuredmedia":[{"embeddable":true,"href":"https:\/\/engel-kunst.com\/en\/wp-json\/wp\/v2\/media\/56044"}],"wp:attachment":[{"href":"https:\/\/engel-kunst.com\/en\/wp-json\/wp\/v2\/media?parent=56043"}],"wp:term":[{"taxonomy":"product_brand","embeddable":true,"href":"https:\/\/engel-kunst.com\/en\/wp-json\/wp\/v2\/product_brand?post=56043"},{"taxonomy":"product_cat","embeddable":true,"href":"https:\/\/engel-kunst.com\/en\/wp-json\/wp\/v2\/product_cat?post=56043"},{"taxonomy":"product_tag","embeddable":true,"href":"https:\/\/engel-kunst.com\/en\/wp-json\/wp\/v2\/product_tag?post=56043"}],"curies":[{"name":"wp","href":"https:\/\/api.w.org\/{rel}","templated":true}]}}