{"id":56194,"date":"2025-12-02T16:52:58","date_gmt":"2025-12-02T15:52:58","guid":{"rendered":"https:\/\/engel-kunst.com\/auktion-objekt\/orlik-emil-19\/"},"modified":"2025-12-14T15:09:00","modified_gmt":"2025-12-14T14:09:00","slug":"orlik-emil-19","status":"publish","type":"product","link":"https:\/\/engel-kunst.com\/en\/auktion-objekt\/orlik-emil-19\/","title":{"rendered":"Orlik, Emil"},"content":{"rendered":"<p>Orlik, Emil<br \/>\n1870 Prag &#8211; 1932 Berlin; deut.-b\u00f6hm. Maler, Grafiker und Kunstgewerbler. Sch\u00fcler von H. Knirr, W. Lindenschmidt und J. L. Raab in M\u00fcnchen. 1905\/32 Prof. an der Unterrichtsanstalt des Kunstgewerbemuseums bzw. den Vereinigten Staatsschulen in Berlin. &#8220;Spazierg\u00e4ngerin in einer Parklandschaft&#8221;. Re. u. sign. Orlik. \u00d6l\/Malkarton, 50 x 61 cm. R.. Provenienz: rheinische Privatsammlung.<\/p>\n","protected":false},"excerpt":{"rendered":"<p>Orlik, Emil<br \/>\n1870 Prag &#8211; 1932 Berlin; deut.-b\u00f6hm. Maler, Grafiker und Kunstgewerbler. Sch\u00fcler von H. Knirr, W. Lindenschmidt und J. L. Raab in M\u00fcnchen. 1905\/32 Prof. an der Unterrichtsanstalt des Kunstgewerbemuseums bzw. den Vereinigten Staatsschulen in Berlin. &#8220;Spazierg\u00e4ngerin in einer Parklandschaft&#8221;. Re. u. sign. Orlik. \u00d6l\/Malkarton, 50 x 61 cm. R.. Provenienz: rheinische Privatsammlung.<br \/>\n\u20ac 1200<\/p>\n","protected":false},"featured_media":56195,"template":"","meta":{"_acf_changed":false,"_seopress_robots_primary_cat":"","_seopress_titles_title":"","_seopress_titles_desc":"","_seopress_robots_index":""},"product_brand":[],"product_cat":[80],"product_tag":[52],"class_list":{"0":"post-56194","1":"product","2":"type-product","3":"status-publish","4":"has-post-thumbnail","6":"auktion-versteigerung-151","7":"auktion-aktuell","8":"product_cat-gemaelde-aquarelle-zeichnungen-20-bis-21-jahrhundert","9":"product_tag-telefon","10":"sales-flash-overlay","11":"woocommerce-text-align-left","12":"woocommerce-image-align-center","14":"first","15":"outofstock","16":"sold-individually","17":"purchasable","18":"product-type-simple"},"acf":[],"_links":{"self":[{"href":"https:\/\/engel-kunst.com\/en\/wp-json\/wp\/v2\/product\/56194","targetHints":{"allow":["GET"]}}],"collection":[{"href":"https:\/\/engel-kunst.com\/en\/wp-json\/wp\/v2\/product"}],"about":[{"href":"https:\/\/engel-kunst.com\/en\/wp-json\/wp\/v2\/types\/product"}],"wp:featuredmedia":[{"embeddable":true,"href":"https:\/\/engel-kunst.com\/en\/wp-json\/wp\/v2\/media\/56195"}],"wp:attachment":[{"href":"https:\/\/engel-kunst.com\/en\/wp-json\/wp\/v2\/media?parent=56194"}],"wp:term":[{"taxonomy":"product_brand","embeddable":true,"href":"https:\/\/engel-kunst.com\/en\/wp-json\/wp\/v2\/product_brand?post=56194"},{"taxonomy":"product_cat","embeddable":true,"href":"https:\/\/engel-kunst.com\/en\/wp-json\/wp\/v2\/product_cat?post=56194"},{"taxonomy":"product_tag","embeddable":true,"href":"https:\/\/engel-kunst.com\/en\/wp-json\/wp\/v2\/product_tag?post=56194"}],"curies":[{"name":"wp","href":"https:\/\/api.w.org\/{rel}","templated":true}]}}