{"id":56206,"date":"2025-12-02T16:53:04","date_gmt":"2025-12-02T15:53:04","guid":{"rendered":"https:\/\/engel-kunst.com\/auktion-objekt\/overstraeten-van-war\/"},"modified":"2025-12-02T16:53:05","modified_gmt":"2025-12-02T15:53:05","slug":"overstraeten-van-war","status":"publish","type":"product","link":"https:\/\/engel-kunst.com\/en\/auktion-objekt\/overstraeten-van-war\/","title":{"rendered":"Overstraeten van, War"},"content":{"rendered":"<p>Overstraeten van, War<br \/>\n1891 Wetteren &#8211; 1981 Br\u00fcgge; belg. Maler und Grafiker, Mitbegr\u00fcnder der kommunistischen Partei Belgiens. &#8220;Landschaft mit H\u00e4usern und Pferd&#8221;. Re. u. sign. W. v. O.. \u00d6l\/Hartfaserpl., 16 x 24 cm. R..<\/p>\n","protected":false},"excerpt":{"rendered":"<p>Overstraeten van, War<br \/>\n1891 Wetteren &#8211; 1981 Br\u00fcgge; belg. Maler und Grafiker, Mitbegr\u00fcnder der kommunistischen Partei Belgiens. &#8220;Landschaft mit H\u00e4usern und Pferd&#8221;. Re. u. sign. W. v. O.. \u00d6l\/Hartfaserpl., 16 x 24 cm. R..<br \/>\n\u20ac 220<\/p>\n","protected":false},"featured_media":56207,"template":"","meta":{"_acf_changed":false,"_seopress_robots_primary_cat":"","_seopress_titles_title":"","_seopress_titles_desc":"","_seopress_robots_index":""},"product_brand":[],"product_cat":[80],"product_tag":[51],"class_list":{"0":"post-56206","1":"product","2":"type-product","3":"status-publish","4":"has-post-thumbnail","6":"auktion-versteigerung-151","7":"auktion-aktuell","8":"product_cat-gemaelde-aquarelle-zeichnungen-20-bis-21-jahrhundert","9":"product_tag-schriftlich","10":"sales-flash-overlay","11":"woocommerce-text-align-left","12":"woocommerce-image-align-center","14":"first","15":"instock","16":"sold-individually","17":"purchasable","18":"product-type-simple"},"acf":[],"_links":{"self":[{"href":"https:\/\/engel-kunst.com\/en\/wp-json\/wp\/v2\/product\/56206","targetHints":{"allow":["GET"]}}],"collection":[{"href":"https:\/\/engel-kunst.com\/en\/wp-json\/wp\/v2\/product"}],"about":[{"href":"https:\/\/engel-kunst.com\/en\/wp-json\/wp\/v2\/types\/product"}],"wp:featuredmedia":[{"embeddable":true,"href":"https:\/\/engel-kunst.com\/en\/wp-json\/wp\/v2\/media\/56207"}],"wp:attachment":[{"href":"https:\/\/engel-kunst.com\/en\/wp-json\/wp\/v2\/media?parent=56206"}],"wp:term":[{"taxonomy":"product_brand","embeddable":true,"href":"https:\/\/engel-kunst.com\/en\/wp-json\/wp\/v2\/product_brand?post=56206"},{"taxonomy":"product_cat","embeddable":true,"href":"https:\/\/engel-kunst.com\/en\/wp-json\/wp\/v2\/product_cat?post=56206"},{"taxonomy":"product_tag","embeddable":true,"href":"https:\/\/engel-kunst.com\/en\/wp-json\/wp\/v2\/product_tag?post=56206"}],"curies":[{"name":"wp","href":"https:\/\/api.w.org\/{rel}","templated":true}]}}