{"id":56212,"date":"2025-12-02T16:53:04","date_gmt":"2025-12-02T15:53:04","guid":{"rendered":"https:\/\/engel-kunst.com\/auktion-objekt\/pruessen-clemens\/"},"modified":"2025-12-02T16:53:07","modified_gmt":"2025-12-02T15:53:07","slug":"pruessen-clemens","status":"publish","type":"product","link":"https:\/\/engel-kunst.com\/en\/auktion-objekt\/pruessen-clemens\/","title":{"rendered":"Pr\u00fcssen, Clemens"},"content":{"rendered":"<p>Pr\u00fcssen, Clemens<br \/>\n1888 K\u00f6ln 1966; deut. Landschaftsmaler. Studium an der D\u00fcsseldorfer Akad. bei Eduard von Gebhardt. Sch\u00fcler Fritz von Willes. Studium an der M\u00fcnchener Akad. bei Franz von Stuck und der Gro\u00dfherzoglichen Badischen Kunstschule in Karlsruhe bei Ludwig Dill und Walter Georgi.<br \/>\n&#8220;Bildnis eines Mannes mit Hut und gelbem Halstuch&#8221;. Re. u. sign. Cl. Pr\u00fcssen. \u00d6l\/Lwd., 48 x 40 cm. R..<\/p>\n","protected":false},"excerpt":{"rendered":"<p>Pr\u00fcssen, Clemens<br \/>\n1888 K\u00f6ln 1966; deut. Landschaftsmaler. Studium an der D\u00fcsseldorfer Akad. bei Eduard von Gebhardt. Sch\u00fcler Fritz von Willes. Studium an der M\u00fcnchener Akad. bei Franz von Stuck und der Gro\u00dfherzoglichen Badischen Kunstschule in Karlsruhe bei Ludwig Dill und Walter Georgi.<br \/>\n&#8220;Bildnis eines Mannes mit Hut und gelbem Halstuch&#8221;. Re. u. sign. Cl. Pr\u00fcssen. \u00d6l\/Lwd., 48 x 40 cm. R..<br \/>\n\u20ac 50<\/p>\n","protected":false},"featured_media":56213,"template":"","meta":{"_acf_changed":false,"_seopress_robots_primary_cat":"","_seopress_titles_title":"","_seopress_titles_desc":"","_seopress_robots_index":""},"product_brand":[],"product_cat":[80],"product_tag":[51],"class_list":{"0":"post-56212","1":"product","2":"type-product","3":"status-publish","4":"has-post-thumbnail","6":"auktion-versteigerung-151","7":"auktion-aktuell","8":"product_cat-gemaelde-aquarelle-zeichnungen-20-bis-21-jahrhundert","9":"product_tag-schriftlich","10":"sales-flash-overlay","11":"woocommerce-text-align-left","12":"woocommerce-image-align-center","14":"first","15":"instock","16":"sold-individually","17":"purchasable","18":"product-type-simple"},"acf":[],"_links":{"self":[{"href":"https:\/\/engel-kunst.com\/en\/wp-json\/wp\/v2\/product\/56212","targetHints":{"allow":["GET"]}}],"collection":[{"href":"https:\/\/engel-kunst.com\/en\/wp-json\/wp\/v2\/product"}],"about":[{"href":"https:\/\/engel-kunst.com\/en\/wp-json\/wp\/v2\/types\/product"}],"wp:featuredmedia":[{"embeddable":true,"href":"https:\/\/engel-kunst.com\/en\/wp-json\/wp\/v2\/media\/56213"}],"wp:attachment":[{"href":"https:\/\/engel-kunst.com\/en\/wp-json\/wp\/v2\/media?parent=56212"}],"wp:term":[{"taxonomy":"product_brand","embeddable":true,"href":"https:\/\/engel-kunst.com\/en\/wp-json\/wp\/v2\/product_brand?post=56212"},{"taxonomy":"product_cat","embeddable":true,"href":"https:\/\/engel-kunst.com\/en\/wp-json\/wp\/v2\/product_cat?post=56212"},{"taxonomy":"product_tag","embeddable":true,"href":"https:\/\/engel-kunst.com\/en\/wp-json\/wp\/v2\/product_tag?post=56212"}],"curies":[{"name":"wp","href":"https:\/\/api.w.org\/{rel}","templated":true}]}}