{"id":56224,"date":"2025-12-02T16:53:10","date_gmt":"2025-12-02T15:53:10","guid":{"rendered":"https:\/\/engel-kunst.com\/auktion-objekt\/savary-robert\/"},"modified":"2025-12-14T15:09:02","modified_gmt":"2025-12-14T14:09:02","slug":"savary-robert","status":"publish","type":"product","link":"https:\/\/engel-kunst.com\/en\/auktion-objekt\/savary-robert\/","title":{"rendered":"Savary, Robert"},"content":{"rendered":"<p>Savary, Robert<br \/>\n1920 Paris &#8211; 2000 Petit-Quevilly; franz. Maler und Grafiker. Studium an der \u00c9cole nationale sup\u00e9rieure des beaux-arts in Paris bei Maurice Brianchon. &#8220;La lagune \u00e0 Venice&#8221;. Re. u. sign. Robert Savary, betit.. Gouache\/Papier, 79,5 x 67 cm. Passepartout, sehr dekorativ unter Glas gerahmt.<\/p>\n","protected":false},"excerpt":{"rendered":"<p>Savary, Robert<br \/>\n1920 Paris &#8211; 2000 Petit-Quevilly; franz. Maler und Grafiker. Studium an der \u00c9cole nationale sup\u00e9rieure des beaux-arts in Paris bei Maurice Brianchon. &#8220;La lagune \u00e0 Venice&#8221;. Re. u. sign. Robert Savary, betit.. Gouache\/Papier, 79,5 x 67 cm. Passepartout, sehr dekorativ unter Glas gerahmt.<br \/>\n\u20ac 65<\/p>\n","protected":false},"featured_media":56225,"template":"","meta":{"_acf_changed":false,"_seopress_robots_primary_cat":"","_seopress_titles_title":"","_seopress_titles_desc":"","_seopress_robots_index":""},"product_brand":[],"product_cat":[80],"product_tag":[51],"class_list":{"0":"post-56224","1":"product","2":"type-product","3":"status-publish","4":"has-post-thumbnail","6":"auktion-versteigerung-151","7":"auktion-aktuell","8":"product_cat-gemaelde-aquarelle-zeichnungen-20-bis-21-jahrhundert","9":"product_tag-schriftlich","10":"sales-flash-overlay","11":"woocommerce-text-align-left","12":"woocommerce-image-align-center","14":"first","15":"outofstock","16":"sold-individually","17":"purchasable","18":"product-type-simple"},"acf":[],"_links":{"self":[{"href":"https:\/\/engel-kunst.com\/en\/wp-json\/wp\/v2\/product\/56224","targetHints":{"allow":["GET"]}}],"collection":[{"href":"https:\/\/engel-kunst.com\/en\/wp-json\/wp\/v2\/product"}],"about":[{"href":"https:\/\/engel-kunst.com\/en\/wp-json\/wp\/v2\/types\/product"}],"wp:featuredmedia":[{"embeddable":true,"href":"https:\/\/engel-kunst.com\/en\/wp-json\/wp\/v2\/media\/56225"}],"wp:attachment":[{"href":"https:\/\/engel-kunst.com\/en\/wp-json\/wp\/v2\/media?parent=56224"}],"wp:term":[{"taxonomy":"product_brand","embeddable":true,"href":"https:\/\/engel-kunst.com\/en\/wp-json\/wp\/v2\/product_brand?post=56224"},{"taxonomy":"product_cat","embeddable":true,"href":"https:\/\/engel-kunst.com\/en\/wp-json\/wp\/v2\/product_cat?post=56224"},{"taxonomy":"product_tag","embeddable":true,"href":"https:\/\/engel-kunst.com\/en\/wp-json\/wp\/v2\/product_tag?post=56224"}],"curies":[{"name":"wp","href":"https:\/\/api.w.org\/{rel}","templated":true}]}}