{"id":56226,"date":"2025-12-02T16:53:10","date_gmt":"2025-12-02T15:53:10","guid":{"rendered":"https:\/\/engel-kunst.com\/auktion-objekt\/schneider-josef\/"},"modified":"2025-12-14T15:09:02","modified_gmt":"2025-12-14T14:09:02","slug":"schneider-josef","status":"publish","type":"product","link":"https:\/\/engel-kunst.com\/en\/auktion-objekt\/schneider-josef\/","title":{"rendered":"Schneider, Josef"},"content":{"rendered":"<p>Schneider, Josef<br \/>\n1897 Xanten &#8211; 1977 Koblenz; deut. Landschafts- und Stilllebenmaler. Sch\u00fcler der Kunstgewerbeschule und der Akad. in D\u00fcsseldorf, Studium an der Berliner Akad.. Seit 1922 ans\u00e4ssig in Koblenz. Dekorative Ausgestaltung des Kurhauses Bad Bertrich, der Koblenzer Ursulinenschule und des Ufa-Palastes. Ausstellungen u.a.: 1930 &#8220;befreites Rheinland&#8221; in Koblenz, 1931 in der Deutschen Bank in Koblenz, 1932 Teilnahme an der gro\u00dfen Kunstausstellung in Koblenz. &#8220;Rheinlandschaft mit Braubach und Marksburg&#8221;. Li. u. sign. Jos. Schneider. \u00d6l\/Lwd., 70,5 x 80 cm. R..<\/p>\n","protected":false},"excerpt":{"rendered":"<p>Schneider, Josef<br \/>\n1897 Xanten &#8211; 1977 Koblenz; deut. Landschafts- und Stilllebenmaler. Sch\u00fcler der Kunstgewerbeschule und der Akad. in D\u00fcsseldorf, Studium an der Berliner Akad.. Seit 1922 ans\u00e4ssig in Koblenz. Dekorative Ausgestaltung des Kurhauses Bad Bertrich, der Koblenzer Ursulinenschule und des Ufa-Palastes. Ausstellungen u.a.: 1930 &#8220;befreites Rheinland&#8221; in Koblenz, 1931 in der Deutschen Bank in Koblenz, 1932 Teilnahme an der gro\u00dfen Kunstausstellung in Koblenz. &#8220;Rheinlandschaft mit Braubach und Marksburg&#8221;. Li. u. sign. Jos. Schneider. \u00d6l\/Lwd., 70,5 x 80 cm. R..<br \/>\n\u20ac 10<\/p>\n","protected":false},"featured_media":56227,"template":"","meta":{"_acf_changed":false,"_seopress_robots_primary_cat":"","_seopress_titles_title":"","_seopress_titles_desc":"","_seopress_robots_index":""},"product_brand":[],"product_cat":[80],"product_tag":[51],"class_list":{"0":"post-56226","1":"product","2":"type-product","3":"status-publish","4":"has-post-thumbnail","6":"auktion-versteigerung-151","7":"auktion-aktuell","8":"product_cat-gemaelde-aquarelle-zeichnungen-20-bis-21-jahrhundert","9":"product_tag-schriftlich","10":"sales-flash-overlay","11":"woocommerce-text-align-left","12":"woocommerce-image-align-center","14":"first","15":"outofstock","16":"sold-individually","17":"purchasable","18":"product-type-simple"},"acf":[],"_links":{"self":[{"href":"https:\/\/engel-kunst.com\/en\/wp-json\/wp\/v2\/product\/56226","targetHints":{"allow":["GET"]}}],"collection":[{"href":"https:\/\/engel-kunst.com\/en\/wp-json\/wp\/v2\/product"}],"about":[{"href":"https:\/\/engel-kunst.com\/en\/wp-json\/wp\/v2\/types\/product"}],"wp:featuredmedia":[{"embeddable":true,"href":"https:\/\/engel-kunst.com\/en\/wp-json\/wp\/v2\/media\/56227"}],"wp:attachment":[{"href":"https:\/\/engel-kunst.com\/en\/wp-json\/wp\/v2\/media?parent=56226"}],"wp:term":[{"taxonomy":"product_brand","embeddable":true,"href":"https:\/\/engel-kunst.com\/en\/wp-json\/wp\/v2\/product_brand?post=56226"},{"taxonomy":"product_cat","embeddable":true,"href":"https:\/\/engel-kunst.com\/en\/wp-json\/wp\/v2\/product_cat?post=56226"},{"taxonomy":"product_tag","embeddable":true,"href":"https:\/\/engel-kunst.com\/en\/wp-json\/wp\/v2\/product_tag?post=56226"}],"curies":[{"name":"wp","href":"https:\/\/api.w.org\/{rel}","templated":true}]}}