{"id":56230,"date":"2025-12-02T16:53:10","date_gmt":"2025-12-02T15:53:10","guid":{"rendered":"https:\/\/engel-kunst.com\/auktion-objekt\/schultze-jasmer-theodor\/"},"modified":"2025-12-02T16:53:12","modified_gmt":"2025-12-02T15:53:12","slug":"schultze-jasmer-theodor","status":"publish","type":"product","link":"https:\/\/engel-kunst.com\/en\/auktion-objekt\/schultze-jasmer-theodor\/","title":{"rendered":"Schultze-Jasmer, Theodor"},"content":{"rendered":"<p>Schultze-Jasmer, Theodor<br \/>\n1888 Oschatz &#8211; 1975 Prerow; deut. Maler, Grafiker und Fotograf. Studium an der K\u00f6nigl. Akad. f\u00fcr Graphische K\u00fcnste und Buchgewerbe in Leipzig. &#8220;Dar\u00df &#8211; Weststrand&#8221;. Re. u. sign. Th. Schultze-Jasmer, dat. (19)52, verso K\u00fcnstlerstempel. \u00d6l\/Karton, 50 x 70 cm. R..<\/p>\n","protected":false},"excerpt":{"rendered":"<p>Schultze-Jasmer, Theodor<br \/>\n1888 Oschatz &#8211; 1975 Prerow; deut. Maler, Grafiker und Fotograf. Studium an der K\u00f6nigl. Akad. f\u00fcr Graphische K\u00fcnste und Buchgewerbe in Leipzig. &#8220;Dar\u00df &#8211; Weststrand&#8221;. Re. u. sign. Th. Schultze-Jasmer, dat. (19)52, verso K\u00fcnstlerstempel. \u00d6l\/Karton, 50 x 70 cm. R..<br \/>\n\u20ac 900<\/p>\n","protected":false},"featured_media":56231,"template":"","meta":{"_acf_changed":false,"_seopress_robots_primary_cat":"","_seopress_titles_title":"","_seopress_titles_desc":"","_seopress_robots_index":""},"product_brand":[],"product_cat":[80],"product_tag":[52],"class_list":{"0":"post-56230","1":"product","2":"type-product","3":"status-publish","4":"has-post-thumbnail","6":"auktion-versteigerung-151","7":"auktion-aktuell","8":"product_cat-gemaelde-aquarelle-zeichnungen-20-bis-21-jahrhundert","9":"product_tag-telefon","10":"sales-flash-overlay","11":"woocommerce-text-align-left","12":"woocommerce-image-align-center","14":"first","15":"instock","16":"sold-individually","17":"purchasable","18":"product-type-simple"},"acf":[],"_links":{"self":[{"href":"https:\/\/engel-kunst.com\/en\/wp-json\/wp\/v2\/product\/56230","targetHints":{"allow":["GET"]}}],"collection":[{"href":"https:\/\/engel-kunst.com\/en\/wp-json\/wp\/v2\/product"}],"about":[{"href":"https:\/\/engel-kunst.com\/en\/wp-json\/wp\/v2\/types\/product"}],"wp:featuredmedia":[{"embeddable":true,"href":"https:\/\/engel-kunst.com\/en\/wp-json\/wp\/v2\/media\/56231"}],"wp:attachment":[{"href":"https:\/\/engel-kunst.com\/en\/wp-json\/wp\/v2\/media?parent=56230"}],"wp:term":[{"taxonomy":"product_brand","embeddable":true,"href":"https:\/\/engel-kunst.com\/en\/wp-json\/wp\/v2\/product_brand?post=56230"},{"taxonomy":"product_cat","embeddable":true,"href":"https:\/\/engel-kunst.com\/en\/wp-json\/wp\/v2\/product_cat?post=56230"},{"taxonomy":"product_tag","embeddable":true,"href":"https:\/\/engel-kunst.com\/en\/wp-json\/wp\/v2\/product_tag?post=56230"}],"curies":[{"name":"wp","href":"https:\/\/api.w.org\/{rel}","templated":true}]}}