{"id":56241,"date":"2025-12-02T16:53:10","date_gmt":"2025-12-02T15:53:10","guid":{"rendered":"https:\/\/engel-kunst.com\/auktion-objekt\/tiedjen-willy\/"},"modified":"2025-12-14T15:09:03","modified_gmt":"2025-12-14T14:09:03","slug":"tiedjen-willy","status":"publish","type":"product","link":"https:\/\/engel-kunst.com\/en\/auktion-objekt\/tiedjen-willy\/","title":{"rendered":"Tiedjen, Willy"},"content":{"rendered":"<p>Tiedjen, Willy<br \/>\n1881 Hamburg &#8211; 1950 M\u00fcnchen; deut. Maler und Zeichner. Studium an der M\u00fcnchner Akad. bei Heinrich von Z\u00fcgel. &#8220;Enten in Ufern\u00e4he&#8221;. Re. u. sign. W. Tiedjen. \u00d6l\/Lwd., 34,5 x 46,5 cm. R. (besch.).<\/p>\n","protected":false},"excerpt":{"rendered":"<p>Tiedjen, Willy<br \/>\n1881 Hamburg &#8211; 1950 M\u00fcnchen; deut. Maler und Zeichner. Studium an der M\u00fcnchner Akad. bei Heinrich von Z\u00fcgel. &#8220;Enten in Ufern\u00e4he&#8221;. Re. u. sign. W. Tiedjen. \u00d6l\/Lwd., 34,5 x 46,5 cm. R. (besch.).<br \/>\n\u20ac 200<\/p>\n","protected":false},"featured_media":56242,"template":"","meta":{"_acf_changed":false,"_seopress_robots_primary_cat":"","_seopress_titles_title":"","_seopress_titles_desc":"","_seopress_robots_index":""},"product_brand":[],"product_cat":[80],"product_tag":[51],"class_list":{"0":"post-56241","1":"product","2":"type-product","3":"status-publish","4":"has-post-thumbnail","6":"auktion-versteigerung-151","7":"auktion-aktuell","8":"product_cat-gemaelde-aquarelle-zeichnungen-20-bis-21-jahrhundert","9":"product_tag-schriftlich","10":"sales-flash-overlay","11":"woocommerce-text-align-left","12":"woocommerce-image-align-center","14":"first","15":"outofstock","16":"sold-individually","17":"purchasable","18":"product-type-simple"},"acf":[],"_links":{"self":[{"href":"https:\/\/engel-kunst.com\/en\/wp-json\/wp\/v2\/product\/56241","targetHints":{"allow":["GET"]}}],"collection":[{"href":"https:\/\/engel-kunst.com\/en\/wp-json\/wp\/v2\/product"}],"about":[{"href":"https:\/\/engel-kunst.com\/en\/wp-json\/wp\/v2\/types\/product"}],"wp:featuredmedia":[{"embeddable":true,"href":"https:\/\/engel-kunst.com\/en\/wp-json\/wp\/v2\/media\/56242"}],"wp:attachment":[{"href":"https:\/\/engel-kunst.com\/en\/wp-json\/wp\/v2\/media?parent=56241"}],"wp:term":[{"taxonomy":"product_brand","embeddable":true,"href":"https:\/\/engel-kunst.com\/en\/wp-json\/wp\/v2\/product_brand?post=56241"},{"taxonomy":"product_cat","embeddable":true,"href":"https:\/\/engel-kunst.com\/en\/wp-json\/wp\/v2\/product_cat?post=56241"},{"taxonomy":"product_tag","embeddable":true,"href":"https:\/\/engel-kunst.com\/en\/wp-json\/wp\/v2\/product_tag?post=56241"}],"curies":[{"name":"wp","href":"https:\/\/api.w.org\/{rel}","templated":true}]}}