{"id":56243,"date":"2025-12-02T16:53:16","date_gmt":"2025-12-02T15:53:16","guid":{"rendered":"https:\/\/engel-kunst.com\/auktion-objekt\/vasicek-vladimir-2\/"},"modified":"2025-12-02T17:27:57","modified_gmt":"2025-12-02T16:27:57","slug":"vasicek-vladimir-2","status":"publish","type":"product","link":"https:\/\/engel-kunst.com\/en\/auktion-objekt\/vasicek-vladimir-2\/","title":{"rendered":"Vasic\u00eak, Vladimir"},"content":{"rendered":"<p>Vasic\u00eak, Vladimir<br \/>\n1919 Mistr\u00edn -2003 Svatoborice; tschech. Maler und Grafiker der abstrakten Kunst. &#8220;Pupence vune&#8221; (Duft der Knospe). Re. u. sign. Vasic\u00eak, dat. (19)99. Verso Papieretikett mit handschriftlichem Bildtitel und K\u00fcnstlerbez.. \u00d6l\/Lwd., 130 x 97 cm. R..<\/p>\n","protected":false},"excerpt":{"rendered":"<p>Vasic\u00eak, Vladimir<br \/>\n1919 Mistr\u00edn -2003 Svatoborice; tschech. Maler und Grafiker der abstrakten Kunst. &#8220;Pupence vune&#8221; (Duft der Knospe). Re. u. sign. Vasic\u00eak, dat. (19)99. Verso Papieretikett mit handschriftlichem Bildtitel und K\u00fcnstlerbez.. \u00d6l\/Lwd., 130 x 97 cm. R..<br \/>\n\u20ac 4000<\/p>\n","protected":false},"featured_media":56244,"template":"","meta":{"_acf_changed":false,"_seopress_robots_primary_cat":"","_seopress_titles_title":"","_seopress_titles_desc":"","_seopress_robots_index":""},"product_brand":[],"product_cat":[80],"product_tag":[52],"class_list":{"0":"post-56243","1":"product","2":"type-product","3":"status-publish","4":"has-post-thumbnail","6":"auktion-versteigerung-151","7":"auktion-aktuell","8":"product_cat-gemaelde-aquarelle-zeichnungen-20-bis-21-jahrhundert","9":"product_tag-telefon","10":"sales-flash-overlay","11":"woocommerce-text-align-left","12":"woocommerce-image-align-center","14":"first","15":"instock","16":"featured","17":"sold-individually","18":"purchasable","19":"product-type-simple"},"acf":[],"_links":{"self":[{"href":"https:\/\/engel-kunst.com\/en\/wp-json\/wp\/v2\/product\/56243","targetHints":{"allow":["GET"]}}],"collection":[{"href":"https:\/\/engel-kunst.com\/en\/wp-json\/wp\/v2\/product"}],"about":[{"href":"https:\/\/engel-kunst.com\/en\/wp-json\/wp\/v2\/types\/product"}],"wp:featuredmedia":[{"embeddable":true,"href":"https:\/\/engel-kunst.com\/en\/wp-json\/wp\/v2\/media\/56244"}],"wp:attachment":[{"href":"https:\/\/engel-kunst.com\/en\/wp-json\/wp\/v2\/media?parent=56243"}],"wp:term":[{"taxonomy":"product_brand","embeddable":true,"href":"https:\/\/engel-kunst.com\/en\/wp-json\/wp\/v2\/product_brand?post=56243"},{"taxonomy":"product_cat","embeddable":true,"href":"https:\/\/engel-kunst.com\/en\/wp-json\/wp\/v2\/product_cat?post=56243"},{"taxonomy":"product_tag","embeddable":true,"href":"https:\/\/engel-kunst.com\/en\/wp-json\/wp\/v2\/product_tag?post=56243"}],"curies":[{"name":"wp","href":"https:\/\/api.w.org\/{rel}","templated":true}]}}