{"id":56249,"date":"2025-12-02T16:53:16","date_gmt":"2025-12-02T15:53:16","guid":{"rendered":"https:\/\/engel-kunst.com\/auktion-objekt\/walther-friedrich-karl\/"},"modified":"2025-12-14T15:09:03","modified_gmt":"2025-12-14T14:09:03","slug":"walther-friedrich-karl","status":"publish","type":"product","link":"https:\/\/engel-kunst.com\/en\/auktion-objekt\/walther-friedrich-karl\/","title":{"rendered":"Walther, Friedrich Karl"},"content":{"rendered":"<p>Walther, Friedrich Karl<br \/>\n1905 Zeitz -1981 Seeshaupt am Starnberger See; deut. Landschafts-, Bildnis- und Stilllebenmaler. Vertreter des deutschen Sp\u00e4timpressionismus. Studium an der Hochschule f\u00fcr Grafik und Buchkunst in Leipzig bei Heinz D\u00f6rffel und Fritz Ernst Rentsch. &#8220;Familienidylle&#8221;. Li. u. sign. Walther, dat. (19)34. \u00d6l\/Lwd., 90 x 116,5 cm. Stuckr..<\/p>\n","protected":false},"excerpt":{"rendered":"<p>Walther, Friedrich Karl<br \/>\n1905 Zeitz -1981 Seeshaupt am Starnberger See; deut. Landschafts-, Bildnis- und Stilllebenmaler. Vertreter des deutschen Sp\u00e4timpressionismus. Studium an der Hochschule f\u00fcr Grafik und Buchkunst in Leipzig bei Heinz D\u00f6rffel und Fritz Ernst Rentsch. &#8220;Familienidylle&#8221;. Li. u. sign. Walther, dat. (19)34. \u00d6l\/Lwd., 90 x 116,5 cm. Stuckr..<br \/>\n\u20ac 50<\/p>\n","protected":false},"featured_media":56250,"template":"","meta":{"_acf_changed":false,"_seopress_robots_primary_cat":"","_seopress_titles_title":"","_seopress_titles_desc":"","_seopress_robots_index":""},"product_brand":[],"product_cat":[80],"product_tag":[51],"class_list":{"0":"post-56249","1":"product","2":"type-product","3":"status-publish","4":"has-post-thumbnail","6":"auktion-versteigerung-151","7":"auktion-aktuell","8":"product_cat-gemaelde-aquarelle-zeichnungen-20-bis-21-jahrhundert","9":"product_tag-schriftlich","10":"sales-flash-overlay","11":"woocommerce-text-align-left","12":"woocommerce-image-align-center","14":"first","15":"outofstock","16":"sold-individually","17":"purchasable","18":"product-type-simple"},"acf":[],"_links":{"self":[{"href":"https:\/\/engel-kunst.com\/en\/wp-json\/wp\/v2\/product\/56249","targetHints":{"allow":["GET"]}}],"collection":[{"href":"https:\/\/engel-kunst.com\/en\/wp-json\/wp\/v2\/product"}],"about":[{"href":"https:\/\/engel-kunst.com\/en\/wp-json\/wp\/v2\/types\/product"}],"wp:featuredmedia":[{"embeddable":true,"href":"https:\/\/engel-kunst.com\/en\/wp-json\/wp\/v2\/media\/56250"}],"wp:attachment":[{"href":"https:\/\/engel-kunst.com\/en\/wp-json\/wp\/v2\/media?parent=56249"}],"wp:term":[{"taxonomy":"product_brand","embeddable":true,"href":"https:\/\/engel-kunst.com\/en\/wp-json\/wp\/v2\/product_brand?post=56249"},{"taxonomy":"product_cat","embeddable":true,"href":"https:\/\/engel-kunst.com\/en\/wp-json\/wp\/v2\/product_cat?post=56249"},{"taxonomy":"product_tag","embeddable":true,"href":"https:\/\/engel-kunst.com\/en\/wp-json\/wp\/v2\/product_tag?post=56249"}],"curies":[{"name":"wp","href":"https:\/\/api.w.org\/{rel}","templated":true}]}}