{"id":56273,"date":"2025-12-02T16:53:22","date_gmt":"2025-12-02T15:53:22","guid":{"rendered":"https:\/\/engel-kunst.com\/auktion-objekt\/schatulle-mit-runddeckel\/"},"modified":"2025-12-14T15:09:08","modified_gmt":"2025-12-14T14:09:08","slug":"schatulle-mit-runddeckel","status":"publish","type":"product","link":"https:\/\/engel-kunst.com\/en\/auktion-objekt\/schatulle-mit-runddeckel\/","title":{"rendered":"Schatulle mit Runddeckel"},"content":{"rendered":"<p>Schatulle mit Runddeckel<br \/>\nAnfang 20. Jh.. Eiche, hellbraun gebeizt. Sch\u00f6ne, grau patinierte Metallbeschl\u00e4ge. Schloss und Schl\u00fcssel. Die F\u00fc\u00dfe und einer von zwei seitlich angebrachten Griffen fehlen. 34,2 x 25 x 25,2 cm.<\/p>\n","protected":false},"excerpt":{"rendered":"<p>Schatulle mit Runddeckel<br \/>\nAnfang 20. Jh.. Eiche, hellbraun gebeizt. Sch\u00f6ne, grau patinierte Metallbeschl\u00e4ge. Schloss und Schl\u00fcssel. Die F\u00fc\u00dfe und einer von zwei seitlich angebrachten Griffen fehlen. 34,2 x 25 x 25,2 cm.<br \/>\n\u20ac 10<\/p>\n","protected":false},"featured_media":56274,"template":"","meta":{"_acf_changed":false,"_seopress_robots_primary_cat":"","_seopress_titles_title":"","_seopress_titles_desc":"","_seopress_robots_index":""},"product_brand":[],"product_cat":[47],"product_tag":[51],"class_list":{"0":"post-56273","1":"product","2":"type-product","3":"status-publish","4":"has-post-thumbnail","6":"auktion-versteigerung-151","7":"auktion-aktuell","8":"product_cat-varia","9":"product_tag-schriftlich","10":"sales-flash-overlay","11":"woocommerce-text-align-left","12":"woocommerce-image-align-center","14":"first","15":"outofstock","16":"sold-individually","17":"purchasable","18":"product-type-simple"},"acf":[],"_links":{"self":[{"href":"https:\/\/engel-kunst.com\/en\/wp-json\/wp\/v2\/product\/56273","targetHints":{"allow":["GET"]}}],"collection":[{"href":"https:\/\/engel-kunst.com\/en\/wp-json\/wp\/v2\/product"}],"about":[{"href":"https:\/\/engel-kunst.com\/en\/wp-json\/wp\/v2\/types\/product"}],"wp:featuredmedia":[{"embeddable":true,"href":"https:\/\/engel-kunst.com\/en\/wp-json\/wp\/v2\/media\/56274"}],"wp:attachment":[{"href":"https:\/\/engel-kunst.com\/en\/wp-json\/wp\/v2\/media?parent=56273"}],"wp:term":[{"taxonomy":"product_brand","embeddable":true,"href":"https:\/\/engel-kunst.com\/en\/wp-json\/wp\/v2\/product_brand?post=56273"},{"taxonomy":"product_cat","embeddable":true,"href":"https:\/\/engel-kunst.com\/en\/wp-json\/wp\/v2\/product_cat?post=56273"},{"taxonomy":"product_tag","embeddable":true,"href":"https:\/\/engel-kunst.com\/en\/wp-json\/wp\/v2\/product_tag?post=56273"}],"curies":[{"name":"wp","href":"https:\/\/api.w.org\/{rel}","templated":true}]}}