{"id":56332,"date":"2025-12-02T16:53:41","date_gmt":"2025-12-02T15:53:41","guid":{"rendered":"https:\/\/engel-kunst.com\/auktion-objekt\/dekoratives-grosses-windlicht\/"},"modified":"2025-12-02T16:53:43","modified_gmt":"2025-12-02T15:53:43","slug":"dekoratives-grosses-windlicht","status":"publish","type":"product","link":"https:\/\/engel-kunst.com\/en\/auktion-objekt\/dekoratives-grosses-windlicht\/","title":{"rendered":"Dekoratives, gro\u00dfes Windlicht"},"content":{"rendered":"<p>Dekoratives, gro\u00dfes Windlicht<br \/>\nF\u00fcr Balkon, Terrasse oder Garten. Geh\u00e4use kupferfarben patiniertes Metall mit Zierdurchbr\u00fcchen. H 65 cm.<\/p>\n","protected":false},"excerpt":{"rendered":"<p>Dekoratives, gro\u00dfes Windlicht<br \/>\nF\u00fcr Balkon, Terrasse oder Garten. Geh\u00e4use kupferfarben patiniertes Metall mit Zierdurchbr\u00fcchen. H 65 cm.<br \/>\n\u20ac 50<\/p>\n","protected":false},"featured_media":56333,"template":"","meta":{"_acf_changed":false,"_seopress_robots_primary_cat":"","_seopress_titles_title":"","_seopress_titles_desc":"","_seopress_robots_index":""},"product_brand":[],"product_cat":[47],"product_tag":[51],"class_list":{"0":"post-56332","1":"product","2":"type-product","3":"status-publish","4":"has-post-thumbnail","6":"auktion-versteigerung-151","7":"auktion-aktuell","8":"product_cat-varia","9":"product_tag-schriftlich","10":"sales-flash-overlay","11":"woocommerce-text-align-left","12":"woocommerce-image-align-center","14":"first","15":"instock","16":"sold-individually","17":"purchasable","18":"product-type-simple"},"acf":[],"_links":{"self":[{"href":"https:\/\/engel-kunst.com\/en\/wp-json\/wp\/v2\/product\/56332","targetHints":{"allow":["GET"]}}],"collection":[{"href":"https:\/\/engel-kunst.com\/en\/wp-json\/wp\/v2\/product"}],"about":[{"href":"https:\/\/engel-kunst.com\/en\/wp-json\/wp\/v2\/types\/product"}],"wp:featuredmedia":[{"embeddable":true,"href":"https:\/\/engel-kunst.com\/en\/wp-json\/wp\/v2\/media\/56333"}],"wp:attachment":[{"href":"https:\/\/engel-kunst.com\/en\/wp-json\/wp\/v2\/media?parent=56332"}],"wp:term":[{"taxonomy":"product_brand","embeddable":true,"href":"https:\/\/engel-kunst.com\/en\/wp-json\/wp\/v2\/product_brand?post=56332"},{"taxonomy":"product_cat","embeddable":true,"href":"https:\/\/engel-kunst.com\/en\/wp-json\/wp\/v2\/product_cat?post=56332"},{"taxonomy":"product_tag","embeddable":true,"href":"https:\/\/engel-kunst.com\/en\/wp-json\/wp\/v2\/product_tag?post=56332"}],"curies":[{"name":"wp","href":"https:\/\/api.w.org\/{rel}","templated":true}]}}