{"id":56338,"date":"2025-12-02T16:53:41","date_gmt":"2025-12-02T15:53:41","guid":{"rendered":"https:\/\/engel-kunst.com\/auktion-objekt\/vogeltraenke-5\/"},"modified":"2025-12-02T16:53:44","modified_gmt":"2025-12-02T15:53:44","slug":"vogeltraenke-5","status":"publish","type":"product","link":"https:\/\/engel-kunst.com\/en\/auktion-objekt\/vogeltraenke-5\/","title":{"rendered":"Vogeltr\u00e4nke"},"content":{"rendered":"<p>Vogeltr\u00e4nke<br \/>\nMuschelf\u00f6rmige Schale, auf deren Rand zwei V\u00f6gel. Gegliedertes S\u00e4ulenbein auf gew\u00f6lbtem Relieffu\u00df mit Zierdurchbr\u00fcchen. Wei\u00df lackierter Eisenguss. H 56,5 cm, D oben 50 cm.<\/p>\n","protected":false},"excerpt":{"rendered":"<p>Vogeltr\u00e4nke<br \/>\nMuschelf\u00f6rmige Schale, auf deren Rand zwei V\u00f6gel. Gegliedertes S\u00e4ulenbein auf gew\u00f6lbtem Relieffu\u00df mit Zierdurchbr\u00fcchen. Wei\u00df lackierter Eisenguss. H 56,5 cm, D oben 50 cm.<br \/>\n\u20ac 150<\/p>\n","protected":false},"featured_media":56339,"template":"","meta":{"_acf_changed":false,"_seopress_robots_primary_cat":"","_seopress_titles_title":"","_seopress_titles_desc":"","_seopress_robots_index":""},"product_brand":[],"product_cat":[47],"product_tag":[51],"class_list":{"0":"post-56338","1":"product","2":"type-product","3":"status-publish","4":"has-post-thumbnail","6":"auktion-versteigerung-151","7":"auktion-aktuell","8":"product_cat-varia","9":"product_tag-schriftlich","10":"sales-flash-overlay","11":"woocommerce-text-align-left","12":"woocommerce-image-align-center","14":"first","15":"instock","16":"sold-individually","17":"purchasable","18":"product-type-simple"},"acf":[],"_links":{"self":[{"href":"https:\/\/engel-kunst.com\/en\/wp-json\/wp\/v2\/product\/56338","targetHints":{"allow":["GET"]}}],"collection":[{"href":"https:\/\/engel-kunst.com\/en\/wp-json\/wp\/v2\/product"}],"about":[{"href":"https:\/\/engel-kunst.com\/en\/wp-json\/wp\/v2\/types\/product"}],"wp:featuredmedia":[{"embeddable":true,"href":"https:\/\/engel-kunst.com\/en\/wp-json\/wp\/v2\/media\/56339"}],"wp:attachment":[{"href":"https:\/\/engel-kunst.com\/en\/wp-json\/wp\/v2\/media?parent=56338"}],"wp:term":[{"taxonomy":"product_brand","embeddable":true,"href":"https:\/\/engel-kunst.com\/en\/wp-json\/wp\/v2\/product_brand?post=56338"},{"taxonomy":"product_cat","embeddable":true,"href":"https:\/\/engel-kunst.com\/en\/wp-json\/wp\/v2\/product_cat?post=56338"},{"taxonomy":"product_tag","embeddable":true,"href":"https:\/\/engel-kunst.com\/en\/wp-json\/wp\/v2\/product_tag?post=56338"}],"curies":[{"name":"wp","href":"https:\/\/api.w.org\/{rel}","templated":true}]}}