{"id":56362,"date":"2025-12-02T16:53:47","date_gmt":"2025-12-02T15:53:47","guid":{"rendered":"https:\/\/engel-kunst.com\/auktion-objekt\/kamera-mit-stativ\/"},"modified":"2025-12-02T16:53:51","modified_gmt":"2025-12-02T15:53:51","slug":"kamera-mit-stativ","status":"publish","type":"product","link":"https:\/\/engel-kunst.com\/en\/auktion-objekt\/kamera-mit-stativ\/","title":{"rendered":"Kamera mit Stativ"},"content":{"rendered":"<p>Kamera mit Stativ<br \/>\nCanon Power Shot A650 IS. Funktionen nicht gepr\u00fcft. Nur m\u00e4\u00dfige Gebrauchsspuren. Dazu ein Stativ, REVUE Nr. 1698.<\/p>\n","protected":false},"excerpt":{"rendered":"<p>Kamera mit Stativ<br \/>\nCanon Power Shot A650 IS. Funktionen nicht gepr\u00fcft. Nur m\u00e4\u00dfige Gebrauchsspuren. Dazu ein Stativ, REVUE Nr. 1698.<br \/>\n\u20ac 45<\/p>\n","protected":false},"featured_media":56363,"template":"","meta":{"_acf_changed":false,"_seopress_robots_primary_cat":"","_seopress_titles_title":"","_seopress_titles_desc":"","_seopress_robots_index":""},"product_brand":[],"product_cat":[47],"product_tag":[51],"class_list":{"0":"post-56362","1":"product","2":"type-product","3":"status-publish","4":"has-post-thumbnail","6":"auktion-versteigerung-151","7":"auktion-aktuell","8":"product_cat-varia","9":"product_tag-schriftlich","10":"sales-flash-overlay","11":"woocommerce-text-align-left","12":"woocommerce-image-align-center","14":"first","15":"instock","16":"sold-individually","17":"purchasable","18":"product-type-simple"},"acf":[],"_links":{"self":[{"href":"https:\/\/engel-kunst.com\/en\/wp-json\/wp\/v2\/product\/56362","targetHints":{"allow":["GET"]}}],"collection":[{"href":"https:\/\/engel-kunst.com\/en\/wp-json\/wp\/v2\/product"}],"about":[{"href":"https:\/\/engel-kunst.com\/en\/wp-json\/wp\/v2\/types\/product"}],"wp:featuredmedia":[{"embeddable":true,"href":"https:\/\/engel-kunst.com\/en\/wp-json\/wp\/v2\/media\/56363"}],"wp:attachment":[{"href":"https:\/\/engel-kunst.com\/en\/wp-json\/wp\/v2\/media?parent=56362"}],"wp:term":[{"taxonomy":"product_brand","embeddable":true,"href":"https:\/\/engel-kunst.com\/en\/wp-json\/wp\/v2\/product_brand?post=56362"},{"taxonomy":"product_cat","embeddable":true,"href":"https:\/\/engel-kunst.com\/en\/wp-json\/wp\/v2\/product_cat?post=56362"},{"taxonomy":"product_tag","embeddable":true,"href":"https:\/\/engel-kunst.com\/en\/wp-json\/wp\/v2\/product_tag?post=56362"}],"curies":[{"name":"wp","href":"https:\/\/api.w.org\/{rel}","templated":true}]}}