{"id":56364,"date":"2025-12-02T16:53:53","date_gmt":"2025-12-02T15:53:53","guid":{"rendered":"https:\/\/engel-kunst.com\/auktion-objekt\/zigarettendose-und-tischfeuerzeug\/"},"modified":"2025-12-14T15:09:14","modified_gmt":"2025-12-14T14:09:14","slug":"zigarettendose-und-tischfeuerzeug","status":"publish","type":"product","link":"https:\/\/engel-kunst.com\/en\/auktion-objekt\/zigarettendose-und-tischfeuerzeug\/","title":{"rendered":"Zigarettendose und Tischfeuerzeug"},"content":{"rendered":"<p>Zigarettendose und Tischfeuerzeug<br \/>\nArt D\u00e9co, um 1920\/30. Hersteller: Erhard &#038; S\u00f6hne, Schw\u00e4bisch Gm\u00fcnd, Entwurf: Eugen Schwemmle (1889-1979). Silberfarbenes Metall, umlaufend relief. stilisierter Floral-, Figural- und Ornamentdekor. Dose innen mit Holzverkleidung. Zigarettendose: 13 x 9,2 x 4 cm, Feuerzeug, funktioniert: H 9 cm. Sch\u00f6ner Erhaltungszustand.<\/p>\n","protected":false},"excerpt":{"rendered":"<p>Zigarettendose und Tischfeuerzeug<br \/>\nArt D\u00e9co, um 1920\/30. Hersteller: Erhard &#038; S\u00f6hne, Schw\u00e4bisch Gm\u00fcnd, Entwurf: Eugen Schwemmle (1889-1979). Silberfarbenes Metall, umlaufend relief. stilisierter Floral-, Figural- und Ornamentdekor. Dose innen mit Holzverkleidung. Zigarettendose: 13 x 9,2 x 4 cm, Feuerzeug, funktioniert: H 9 cm. Sch\u00f6ner Erhaltungszustand.<br \/>\n\u20ac 80<\/p>\n","protected":false},"featured_media":56365,"template":"","meta":{"_acf_changed":false,"_seopress_robots_primary_cat":"","_seopress_titles_title":"","_seopress_titles_desc":"","_seopress_robots_index":""},"product_brand":[],"product_cat":[47],"product_tag":[51],"class_list":{"0":"post-56364","1":"product","2":"type-product","3":"status-publish","4":"has-post-thumbnail","6":"auktion-versteigerung-151","7":"auktion-aktuell","8":"product_cat-varia","9":"product_tag-schriftlich","10":"sales-flash-overlay","11":"woocommerce-text-align-left","12":"woocommerce-image-align-center","14":"first","15":"outofstock","16":"sold-individually","17":"purchasable","18":"product-type-simple"},"acf":[],"_links":{"self":[{"href":"https:\/\/engel-kunst.com\/en\/wp-json\/wp\/v2\/product\/56364","targetHints":{"allow":["GET"]}}],"collection":[{"href":"https:\/\/engel-kunst.com\/en\/wp-json\/wp\/v2\/product"}],"about":[{"href":"https:\/\/engel-kunst.com\/en\/wp-json\/wp\/v2\/types\/product"}],"wp:featuredmedia":[{"embeddable":true,"href":"https:\/\/engel-kunst.com\/en\/wp-json\/wp\/v2\/media\/56365"}],"wp:attachment":[{"href":"https:\/\/engel-kunst.com\/en\/wp-json\/wp\/v2\/media?parent=56364"}],"wp:term":[{"taxonomy":"product_brand","embeddable":true,"href":"https:\/\/engel-kunst.com\/en\/wp-json\/wp\/v2\/product_brand?post=56364"},{"taxonomy":"product_cat","embeddable":true,"href":"https:\/\/engel-kunst.com\/en\/wp-json\/wp\/v2\/product_cat?post=56364"},{"taxonomy":"product_tag","embeddable":true,"href":"https:\/\/engel-kunst.com\/en\/wp-json\/wp\/v2\/product_tag?post=56364"}],"curies":[{"name":"wp","href":"https:\/\/api.w.org\/{rel}","templated":true}]}}