{"id":56366,"date":"2025-12-02T16:53:53","date_gmt":"2025-12-02T15:53:53","guid":{"rendered":"https:\/\/engel-kunst.com\/auktion-objekt\/modell-des-roemischen-aquaedukts-in-segovia\/"},"modified":"2025-12-02T16:53:53","modified_gmt":"2025-12-02T15:53:53","slug":"modell-des-roemischen-aquaedukts-in-segovia","status":"publish","type":"product","link":"https:\/\/engel-kunst.com\/en\/auktion-objekt\/modell-des-roemischen-aquaedukts-in-segovia\/","title":{"rendered":"Modell des r\u00f6mischen Aqu\u00e4dukts in Segovia"},"content":{"rendered":"<p>Modell des r\u00f6mischen Aqu\u00e4dukts in Segovia<br \/>\nGips, graue und schwarze Bemalung. H ca. 13,7 cm, L ca. 19,8 cm, B ca. 4,2 cm. Verschiedene kleinere Besto\u00dfungen. Anm.: Segovia ist eine historische Stadt nordwestlich von Madrid in der zentralspanischen Region Kastilien und Le\u00f3n. <\/p>\n","protected":false},"excerpt":{"rendered":"<p>Modell des r\u00f6mischen Aqu\u00e4dukts in Segovia<br \/>\nGips, graue und schwarze Bemalung. H ca. 13,7 cm, L ca. 19,8 cm, B ca. 4,2 cm. Verschiedene kleinere Besto\u00dfungen. Anm.: Segovia ist eine historische Stadt nordwestlich von Madrid in der zentralspanischen Region Kastilien und Le\u00f3n.<br \/>\n\u20ac 60<\/p>\n","protected":false},"featured_media":56367,"template":"","meta":{"_acf_changed":false,"_seopress_robots_primary_cat":"","_seopress_titles_title":"","_seopress_titles_desc":"","_seopress_robots_index":""},"product_brand":[],"product_cat":[47],"product_tag":[51],"class_list":{"0":"post-56366","1":"product","2":"type-product","3":"status-publish","4":"has-post-thumbnail","6":"auktion-versteigerung-151","7":"auktion-aktuell","8":"product_cat-varia","9":"product_tag-schriftlich","10":"sales-flash-overlay","11":"woocommerce-text-align-left","12":"woocommerce-image-align-center","14":"first","15":"instock","16":"sold-individually","17":"purchasable","18":"product-type-simple"},"acf":[],"_links":{"self":[{"href":"https:\/\/engel-kunst.com\/en\/wp-json\/wp\/v2\/product\/56366","targetHints":{"allow":["GET"]}}],"collection":[{"href":"https:\/\/engel-kunst.com\/en\/wp-json\/wp\/v2\/product"}],"about":[{"href":"https:\/\/engel-kunst.com\/en\/wp-json\/wp\/v2\/types\/product"}],"wp:featuredmedia":[{"embeddable":true,"href":"https:\/\/engel-kunst.com\/en\/wp-json\/wp\/v2\/media\/56367"}],"wp:attachment":[{"href":"https:\/\/engel-kunst.com\/en\/wp-json\/wp\/v2\/media?parent=56366"}],"wp:term":[{"taxonomy":"product_brand","embeddable":true,"href":"https:\/\/engel-kunst.com\/en\/wp-json\/wp\/v2\/product_brand?post=56366"},{"taxonomy":"product_cat","embeddable":true,"href":"https:\/\/engel-kunst.com\/en\/wp-json\/wp\/v2\/product_cat?post=56366"},{"taxonomy":"product_tag","embeddable":true,"href":"https:\/\/engel-kunst.com\/en\/wp-json\/wp\/v2\/product_tag?post=56366"}],"curies":[{"name":"wp","href":"https:\/\/api.w.org\/{rel}","templated":true}]}}