{"id":56388,"date":"2025-12-02T16:54:00","date_gmt":"2025-12-02T15:54:00","guid":{"rendered":"https:\/\/engel-kunst.com\/auktion-objekt\/konvolut-151\/"},"modified":"2025-12-14T15:09:15","modified_gmt":"2025-12-14T14:09:15","slug":"konvolut-151","status":"publish","type":"product","link":"https:\/\/engel-kunst.com\/en\/auktion-objekt\/konvolut-151\/","title":{"rendered":"Konvolut"},"content":{"rendered":"<p>Konvolut<br \/>\n3 Stofftiere: Igel und Maus, Fa. Steiff mit Knopf im Ohr, 1 kleiner, sehr alter Teddyb\u00e4r mit alter Bekleidung, Fa. Steiff(?); eine Fu\u00dfsohle etwas verschlissen mit sichtbarer Holzwollef\u00fcllung.<\/p>\n","protected":false},"excerpt":{"rendered":"<p>Konvolut<br \/>\n3 Stofftiere: Igel und Maus, Fa. Steiff mit Knopf im Ohr, 1 kleiner, sehr alter Teddyb\u00e4r mit alter Bekleidung, Fa. Steiff(?); eine Fu\u00dfsohle etwas verschlissen mit sichtbarer Holzwollef\u00fcllung.<br \/>\n\u20ac 10<\/p>\n","protected":false},"featured_media":56389,"template":"","meta":{"_acf_changed":false,"_seopress_robots_primary_cat":"","_seopress_titles_title":"","_seopress_titles_desc":"","_seopress_robots_index":""},"product_brand":[],"product_cat":[38],"product_tag":[51],"class_list":{"0":"post-56388","1":"product","2":"type-product","3":"status-publish","4":"has-post-thumbnail","6":"auktion-versteigerung-151","7":"auktion-aktuell","8":"product_cat-spielzeug","9":"product_tag-schriftlich","10":"sales-flash-overlay","11":"woocommerce-text-align-left","12":"woocommerce-image-align-center","14":"first","15":"outofstock","16":"sold-individually","17":"purchasable","18":"product-type-simple"},"acf":[],"_links":{"self":[{"href":"https:\/\/engel-kunst.com\/en\/wp-json\/wp\/v2\/product\/56388","targetHints":{"allow":["GET"]}}],"collection":[{"href":"https:\/\/engel-kunst.com\/en\/wp-json\/wp\/v2\/product"}],"about":[{"href":"https:\/\/engel-kunst.com\/en\/wp-json\/wp\/v2\/types\/product"}],"wp:featuredmedia":[{"embeddable":true,"href":"https:\/\/engel-kunst.com\/en\/wp-json\/wp\/v2\/media\/56389"}],"wp:attachment":[{"href":"https:\/\/engel-kunst.com\/en\/wp-json\/wp\/v2\/media?parent=56388"}],"wp:term":[{"taxonomy":"product_brand","embeddable":true,"href":"https:\/\/engel-kunst.com\/en\/wp-json\/wp\/v2\/product_brand?post=56388"},{"taxonomy":"product_cat","embeddable":true,"href":"https:\/\/engel-kunst.com\/en\/wp-json\/wp\/v2\/product_cat?post=56388"},{"taxonomy":"product_tag","embeddable":true,"href":"https:\/\/engel-kunst.com\/en\/wp-json\/wp\/v2\/product_tag?post=56388"}],"curies":[{"name":"wp","href":"https:\/\/api.w.org\/{rel}","templated":true}]}}