{"id":56392,"date":"2025-12-02T16:54:00","date_gmt":"2025-12-02T15:54:00","guid":{"rendered":"https:\/\/engel-kunst.com\/auktion-objekt\/babypuppe\/"},"modified":"2025-12-14T15:09:15","modified_gmt":"2025-12-14T14:09:15","slug":"babypuppe","status":"publish","type":"product","link":"https:\/\/engel-kunst.com\/en\/auktion-objekt\/babypuppe\/","title":{"rendered":"Babypuppe"},"content":{"rendered":"<p>Babypuppe<br \/>\nHalsmarke: Schildkr\u00f6te in Raute 45, K\u00f6rpermarken: Schildkr\u00f6te in Raute 45, darunter 25. Celluloid. Kurbelkopf, gepr\u00e4gte, braune Haare, feststehende, blaue Augen, offener Mund. Scheibengelenke. H ca. 45 cm. M\u00e4\u00dfig bespielt, im R\u00fccken ein schmaler Riss. \u00c4ltere Bekleidung.<\/p>\n","protected":false},"excerpt":{"rendered":"<p>Babypuppe<br \/>\nHalsmarke: Schildkr\u00f6te in Raute 45, K\u00f6rpermarken: Schildkr\u00f6te in Raute 45, darunter 25. Celluloid. Kurbelkopf, gepr\u00e4gte, braune Haare, feststehende, blaue Augen, offener Mund. Scheibengelenke. H ca. 45 cm. M\u00e4\u00dfig bespielt, im R\u00fccken ein schmaler Riss. \u00c4ltere Bekleidung.<br \/>\n\u20ac 10<\/p>\n","protected":false},"featured_media":56393,"template":"","meta":{"_acf_changed":false,"_seopress_robots_primary_cat":"","_seopress_titles_title":"","_seopress_titles_desc":"","_seopress_robots_index":""},"product_brand":[],"product_cat":[38],"product_tag":[51],"class_list":{"0":"post-56392","1":"product","2":"type-product","3":"status-publish","4":"has-post-thumbnail","6":"auktion-versteigerung-151","7":"auktion-aktuell","8":"product_cat-spielzeug","9":"product_tag-schriftlich","10":"sales-flash-overlay","11":"woocommerce-text-align-left","12":"woocommerce-image-align-center","14":"first","15":"outofstock","16":"sold-individually","17":"purchasable","18":"product-type-simple"},"acf":[],"_links":{"self":[{"href":"https:\/\/engel-kunst.com\/en\/wp-json\/wp\/v2\/product\/56392","targetHints":{"allow":["GET"]}}],"collection":[{"href":"https:\/\/engel-kunst.com\/en\/wp-json\/wp\/v2\/product"}],"about":[{"href":"https:\/\/engel-kunst.com\/en\/wp-json\/wp\/v2\/types\/product"}],"wp:featuredmedia":[{"embeddable":true,"href":"https:\/\/engel-kunst.com\/en\/wp-json\/wp\/v2\/media\/56393"}],"wp:attachment":[{"href":"https:\/\/engel-kunst.com\/en\/wp-json\/wp\/v2\/media?parent=56392"}],"wp:term":[{"taxonomy":"product_brand","embeddable":true,"href":"https:\/\/engel-kunst.com\/en\/wp-json\/wp\/v2\/product_brand?post=56392"},{"taxonomy":"product_cat","embeddable":true,"href":"https:\/\/engel-kunst.com\/en\/wp-json\/wp\/v2\/product_cat?post=56392"},{"taxonomy":"product_tag","embeddable":true,"href":"https:\/\/engel-kunst.com\/en\/wp-json\/wp\/v2\/product_tag?post=56392"}],"curies":[{"name":"wp","href":"https:\/\/api.w.org\/{rel}","templated":true}]}}